{"id":3856,"date":"2025-02-20T13:10:23","date_gmt":"2025-02-20T11:10:23","guid":{"rendered":"https:\/\/pranglireisid.ee\/?page_id=3856"},"modified":"2025-04-24T15:19:46","modified_gmt":"2025-04-24T12:19:46","slug":"kestavan-kehityksen-periaatteet","status":"publish","type":"page","link":"https:\/\/pranglireisid.ee\/fi\/kestavan-kehityksen-periaatteet\/","title":{"rendered":"Kest\u00e4v\u00e4n kehityksen periaatteet"},"content":{"rendered":"<div class=\"fusion-fullwidth fullwidth-box fusion-builder-row-1 fusion-flex-container nonhundred-percent-fullwidth non-hundred-percent-height-scrolling\" style=\"--awb-border-radius-top-left:0px;--awb-border-radius-top-right:0px;--awb-border-radius-bottom-right:0px;--awb-border-radius-bottom-left:0px;--awb-flex-wrap:wrap;\" ><div class=\"fusion-builder-row fusion-row fusion-flex-align-items-flex-start fusion-flex-content-wrap\" style=\"max-width:1248px;margin-left: calc(-4% \/ 2 );margin-right: calc(-4% \/ 2 );\"><div class=\"fusion-layout-column fusion_builder_column fusion-builder-column-0 fusion_builder_column_5_6 5_6 fusion-flex-column\" style=\"--awb-bg-size:cover;--awb-width-large:83.333333333333%;--awb-margin-top-large:0px;--awb-spacing-right-large:2.304%;--awb-margin-bottom-large:0px;--awb-spacing-left-large:2.304%;--awb-width-medium:83.333333333333%;--awb-spacing-right-medium:2.304%;--awb-spacing-left-medium:2.304%;--awb-width-small:100%;--awb-spacing-right-small:1.92%;--awb-spacing-left-small:1.92%;\"><div class=\"fusion-column-wrapper fusion-flex-justify-content-flex-start fusion-content-layout-column\"><div class=\"fusion-title title fusion-title-1 fusion-sep-none fusion-title-text fusion-title-size-one\"><h1 class=\"fusion-title-heading title-heading-left fusion-responsive-typography-calculated\" style=\"margin:0;--fontSize:35;line-height:var(--awb-typography1-line-height);\">Prangli Reisid O\u00dc k<span data-sheets-root=\"1\">est\u00e4v\u00e4n kehityksen periaatteet<\/span><\/h1><\/div><div class=\"fusion-text fusion-text-1\"><p class=\"\" data-start=\"168\" data-end=\"282\">Esittelemme yrityksemme ydinperiaatteet, jotka keskittyv\u00e4t ymp\u00e4rist\u00f6n kest\u00e4vyyteen ja sosiaaliseen vastuuseen.<\/p>\n<p class=\"\" data-start=\"284\" data-end=\"647\">Kaikessa toiminnassamme noudatamme kest\u00e4v\u00e4n kehityksen periaatteita ja pyrimme mukautumaan vihre\u00e4n siirtym\u00e4n vaatimuksiin, joita nykyaikainen yhteiskunta yh\u00e4 enemm\u00e4n edellytt\u00e4\u00e4. Olemme tietoisia nopeista ymp\u00e4rist\u00f6muutoksista ja uusien teknologioiden kehityksest\u00e4, ja etsimme jatkuvasti tapoja pit\u00e4\u00e4 yrityksemme ja palvelumme esimerkillisell\u00e4 ja kest\u00e4v\u00e4ll\u00e4 uralla.<\/p>\n<p class=\"\" data-start=\"649\" data-end=\"1097\">Yhteisty\u00f6ss\u00e4 kaikkien sidosryhmien \u2013 ty\u00f6ntekij\u00f6iden, yhteisty\u00f6kumppaneiden ja paikallisten yritt\u00e4jien \u2013 kanssa arvostamme suuresti ymp\u00e4rist\u00f6vastuullisuutta. Etsimme yhdess\u00e4 parhaita ratkaisuja ja mahdollisuuksia ottaa vastuuta. Tavoitteenamme on tukea paikallisyhteis\u00f6\u00e4 ja osallistua aktiivisesti paikallishallinnon toimintaan matkailun ja paikallistalouden edist\u00e4miseksi sek\u00e4 vaikuttaa ymp\u00e4rist\u00f6kysymyksiin, jotka liittyv\u00e4t yrityksemme toimintaan.<\/p>\n<h2>Luontoretket ja -vaellukset<\/h2>\n<p>Palveluja kehitt\u00e4ess\u00e4mme teemme yhteisty\u00f6t\u00e4 koulutettujen luonto-oppaiden ja retkenvet\u00e4jien kanssa, jotka osaavat arvostaa luontoa ja tuoda sen arvot esille. N\u00e4emme virolaisen luonnon ja kulttuurin esittelemisen sek\u00e4 paikallisille ett\u00e4 turisteille erinomaisena mahdollisuutena kehitt\u00e4\u00e4 ja levitt\u00e4\u00e4 ymp\u00e4rist\u00f6arvoja.<\/p>\n<p><strong data-start=\"1459\" data-end=\"1484\">Palveluperiaatteemme:<\/strong><\/p>\n<ul>\n<li>K\u00e4yt\u00e4mme mahdollisimman tehokkaita reittej\u00e4 ymp\u00e4rist\u00f6vaikutusten v\u00e4hent\u00e4miseksi.<\/li>\n<li>Teemme yhteisty\u00f6t\u00e4 p\u00e4tevien luonto-oppaiden ja retkenvet\u00e4jien kanssa, jotka v\u00e4litt\u00e4v\u00e4t luonnon lumoa ja lis\u00e4\u00e4v\u00e4t ymp\u00e4rist\u00f6tietoisuutta.<\/li>\n<li>Hy\u00f6dynn\u00e4mme paikallisia palveluntarjoajia yhteis\u00f6n tukemiseksi.<\/li>\n<li>Toimimme luonnossa aina esimerkillisesti ja s\u00e4\u00e4nt\u00f6j\u00e4 noudattaen.<\/li>\n<\/ul>\n<h2>Villa of Nature Energy<\/h2>\n<p>Villa of Nature Energy on rakennettu energiatehokkailla ratkaisuilla ja luonnonmateriaaleilla. Sijainnillaan, tunnelmallaan ja ymp\u00e4rist\u00f6yst\u00e4v\u00e4llisell\u00e4 olemuksellaan se pyrkii inspiroimaan vieraita tekem\u00e4\u00e4n kest\u00e4vi\u00e4 valintoja ja osallistumaan luonnonymp\u00e4rist\u00f6n s\u00e4ilytt\u00e4miseen. Aurinkoenergian ratkaisujen ansiosta rakennus voidaan kes\u00e4kaudella toimittaa kokonaan uusiutuvalla energialla.<\/p>\n<p><strong>Ymp\u00e4rist\u00f6toimemme:<\/strong><\/p>\n<ul>\n<li>K\u00e4yt\u00e4mme vett\u00e4, l\u00e4mp\u00f6\u00e4 ja s\u00e4hk\u00f6\u00e4 tehokkaasti.<\/li>\n<li>Lajittelemme j\u00e4tteet ja pakkaukset voimassa olevien s\u00e4\u00e4d\u00f6sten mukaisesti.<\/li>\n<li>K\u00e4yt\u00e4mme ymp\u00e4rist\u00f6yst\u00e4v\u00e4llisi\u00e4 puhdistusaineita.<\/li>\n<\/ul>\n<h3>Kannustamme vieraitamme tekem\u00e4\u00e4n ymp\u00e4rist\u00f6yst\u00e4v\u00e4llisi\u00e4 valintoja<\/h3>\n<p class=\"\" data-start=\"2485\" data-end=\"2642\">Haluamme, ett\u00e4 my\u00f6s vieraamme osallistuvat luonnon suojeluun. T\u00e4t\u00e4 tarkoitusta varten:<\/p>\n<ul>\n<li data-start=\"2485\" data-end=\"2642\">K\u00e4yt\u00f6ss\u00e4 on pyyhkeet kertak\u00e4ytt\u00f6isten paperipyyhkeiden sijaan.<\/li>\n<li data-start=\"2485\" data-end=\"2642\">K\u00e4yt\u00e4mme ekosertifioituja puhdistusaineita.<\/li>\n<li data-start=\"2485\" data-end=\"2642\">Talon s\u00e4\u00e4nn\u00f6iss\u00e4 korostetaan tietoista ja kest\u00e4v\u00e4\u00e4 toimintaa, esimerkiksi:\n<ul>\n<li data-start=\"2485\" data-end=\"2642\">Tekstiilien (pyyhkeet, lakanat) j\u00e4rkev\u00e4 k\u00e4ytt\u00f6 tarpeettoman pesun v\u00e4hent\u00e4miseksi.<\/li>\n<li data-start=\"2485\" data-end=\"2642\">Veden ja energian s\u00e4\u00e4st\u00e4minen.<\/li>\n<li data-start=\"2485\" data-end=\"2642\">J\u00e4tteiden lajittelu on tehty asiakkaille helpoksi ja selke\u00e4ksi.<\/li>\n<li data-start=\"2485\" data-end=\"2642\">Kannustamme vieraita liikkumaan luonnossa k\u00e4vellen tai py\u00f6r\u00e4ll\u00e4.<\/li>\n<\/ul>\n<\/li>\n<\/ul>\n<h2>Prangli Travelin kest\u00e4v\u00e4n kehityksen tavoitteet, 2025<\/h2>\n<p class=\"\" data-start=\"3167\" data-end=\"3349\"><strong data-start=\"3167\" data-end=\"3222\">1. Vedenk\u00e4yt\u00f6n tavoitteet Villa of Nature Energyss\u00e4<\/strong><\/p>\n<ul>\n<li data-start=\"3167\" data-end=\"3349\">Jatkaa sadevett\u00e4 ker\u00e4\u00e4v\u00e4n j\u00e4rjestelm\u00e4n k\u00e4ytt\u00f6\u00e4 kasteluun veden s\u00e4\u00e4st\u00e4miseksi. T\u00e4m\u00e4 on ollut k\u00e4yt\u00f6ss\u00e4 vuodesta 2023 alkaen.<\/li>\n<\/ul>\n<p class=\"\" data-start=\"3351\" data-end=\"3733\"><strong data-start=\"3351\" data-end=\"3411\">2. L\u00e4mmitysenergian tavoitteet Villa of Nature Energyss\u00e4<\/strong><\/p>\n<ul>\n<li data-start=\"3351\" data-end=\"3733\">Ohjeistaa vieraita olemaan pit\u00e4m\u00e4tt\u00e4 ovia ja ikkunoita auki kylm\u00e4n s\u00e4\u00e4n aikana, sill\u00e4 talossa on toimiva ilmanvaihtoj\u00e4rjestelm\u00e4.<\/li>\n<li data-start=\"3351\" data-end=\"3733\">K\u00e4ytt\u00e4\u00e4 termostaatteja huoneiden l\u00e4mp\u00f6tilan s\u00e4\u00e4t\u00e4miseksi maksimissaan 22 \u00b0C ja pit\u00e4\u00e4 makuuhuoneiden ovet suljettuina.<\/li>\n<li data-start=\"3351\" data-end=\"3733\">Huoltaa l\u00e4mmityslaitteita valmistajan ohjeiden mukaisesti.<\/li>\n<\/ul>\n<p class=\"\" data-start=\"3735\" data-end=\"4040\"><strong data-start=\"3735\" data-end=\"3795\">3. S\u00e4hk\u00f6nkulutuksen tavoitteet Villa of Nature Energyss\u00e4<\/strong><\/p>\n<ul>\n<li data-start=\"3735\" data-end=\"4040\">Sammuttaa valot poissa ollessa ja asettaa ilmanvaihtoj\u00e4rjestelm\u00e4 \u201cpoissa\u201d-tilaan pidemm\u00e4n poissaolon ajaksi.<\/li>\n<li data-start=\"3735\" data-end=\"4040\">Kaikissa tiloissa k\u00e4ytet\u00e4\u00e4n LED-valoja.<\/li>\n<li data-start=\"3735\" data-end=\"4040\">Kaikki hankitut kodinkoneet ovat mahdollisimman energiatehokkaita (korkein luokka).<\/li>\n<\/ul>\n<p class=\"\" data-start=\"4042\" data-end=\"4149\"><strong data-start=\"4042\" data-end=\"4106\">4. J\u00e4tteiden lajittelun tavoitteet Villa of Nature Energyss\u00e4<\/strong><\/p>\n<ul>\n<li data-start=\"4042\" data-end=\"4149\">Jatkaa nykyisell\u00e4 tasolla ja laadulla.<\/li>\n<\/ul>\n<p class=\"\" data-start=\"4151\" data-end=\"4174\"><em>Koottu vuonna 2024.<\/em><\/p>\n<\/div><\/div><\/div><\/div><\/div>\n","protected":false},"excerpt":{"rendered":"","protected":false},"author":2,"featured_media":2258,"parent":0,"menu_order":0,"comment_status":"closed","ping_status":"closed","template":"","meta":{"_acf_changed":false,"footnotes":""},"class_list":["post-3856","page","type-page","status-publish","has-post-thumbnail","hentry"],"acf":[],"yoast_head":"<!-- This site is optimized with the Yoast SEO plugin v27.3 - https:\/\/yoast.com\/product\/yoast-seo-wordpress\/ -->\n<title>Kest\u00e4v\u00e4n kehityksen periaatteet - Prangli Reisid<\/title>\n<meta name=\"description\" content=\"Kaikessa toiminnassamme noudatamme kest\u00e4v\u00e4n kehityksen periaatteita ja pyrimme mukautumaan vihre\u00e4n siirtym\u00e4n vaatimuksiin.\" \/>\n<meta name=\"robots\" content=\"index, follow, max-snippet:-1, max-image-preview:large, max-video-preview:-1\" \/>\n<link rel=\"canonical\" href=\"https:\/\/pranglireisid.ee\/fi\/kestavan-kehityksen-periaatteet\/\" \/>\n<meta property=\"og:locale\" content=\"fi_FI\" \/>\n<meta property=\"og:type\" content=\"article\" \/>\n<meta property=\"og:title\" content=\"Kest\u00e4v\u00e4n kehityksen periaatteet - Prangli Reisid\" \/>\n<meta property=\"og:description\" content=\"Kaikessa toiminnassamme noudatamme kest\u00e4v\u00e4n kehityksen periaatteita ja pyrimme mukautumaan vihre\u00e4n siirtym\u00e4n vaatimuksiin.\" \/>\n<meta property=\"og:url\" content=\"https:\/\/pranglireisid.ee\/fi\/kestavan-kehityksen-periaatteet\/\" \/>\n<meta property=\"og:site_name\" content=\"Prangli Reisid\" \/>\n<meta property=\"article:modified_time\" content=\"2025-04-24T12:19:46+00:00\" \/>\n<meta property=\"og:image\" content=\"https:\/\/pranglireisid.ee\/wp-content\/uploads\/2025\/02\/prangli_ratasrannal.webp\" \/>\n\t<meta property=\"og:image:width\" content=\"900\" \/>\n\t<meta property=\"og:image:height\" content=\"600\" \/>\n\t<meta property=\"og:image:type\" content=\"image\/webp\" \/>\n<meta name=\"twitter:card\" content=\"summary_large_image\" \/>\n<meta name=\"twitter:label1\" content=\"Arvioitu lukuaika\" \/>\n\t<meta name=\"twitter:data1\" content=\"3 minuuttia\" \/>\n<script type=\"application\/ld+json\" class=\"yoast-schema-graph\">{\"@context\":\"https:\\\/\\\/schema.org\",\"@graph\":[{\"@type\":\"WebPage\",\"@id\":\"https:\\\/\\\/pranglireisid.ee\\\/fi\\\/kestavan-kehityksen-periaatteet\\\/\",\"url\":\"https:\\\/\\\/pranglireisid.ee\\\/fi\\\/kestavan-kehityksen-periaatteet\\\/\",\"name\":\"Kest\u00e4v\u00e4n kehityksen periaatteet - Prangli Reisid\",\"isPartOf\":{\"@id\":\"https:\\\/\\\/pranglireisid.ee\\\/#website\"},\"primaryImageOfPage\":{\"@id\":\"https:\\\/\\\/pranglireisid.ee\\\/fi\\\/kestavan-kehityksen-periaatteet\\\/#primaryimage\"},\"image\":{\"@id\":\"https:\\\/\\\/pranglireisid.ee\\\/fi\\\/kestavan-kehityksen-periaatteet\\\/#primaryimage\"},\"thumbnailUrl\":\"https:\\\/\\\/pranglireisid.ee\\\/wp-content\\\/uploads\\\/2025\\\/02\\\/prangli_ratasrannal.webp\",\"datePublished\":\"2025-02-20T11:10:23+00:00\",\"dateModified\":\"2025-04-24T12:19:46+00:00\",\"description\":\"Kaikessa toiminnassamme noudatamme kest\u00e4v\u00e4n kehityksen periaatteita ja pyrimme mukautumaan vihre\u00e4n siirtym\u00e4n vaatimuksiin.\",\"breadcrumb\":{\"@id\":\"https:\\\/\\\/pranglireisid.ee\\\/fi\\\/kestavan-kehityksen-periaatteet\\\/#breadcrumb\"},\"inLanguage\":\"fi\",\"potentialAction\":[{\"@type\":\"ReadAction\",\"target\":[\"https:\\\/\\\/pranglireisid.ee\\\/fi\\\/kestavan-kehityksen-periaatteet\\\/\"]}]},{\"@type\":\"ImageObject\",\"inLanguage\":\"fi\",\"@id\":\"https:\\\/\\\/pranglireisid.ee\\\/fi\\\/kestavan-kehityksen-periaatteet\\\/#primaryimage\",\"url\":\"https:\\\/\\\/pranglireisid.ee\\\/wp-content\\\/uploads\\\/2025\\\/02\\\/prangli_ratasrannal.webp\",\"contentUrl\":\"https:\\\/\\\/pranglireisid.ee\\\/wp-content\\\/uploads\\\/2025\\\/02\\\/prangli_ratasrannal.webp\",\"width\":900,\"height\":600},{\"@type\":\"BreadcrumbList\",\"@id\":\"https:\\\/\\\/pranglireisid.ee\\\/fi\\\/kestavan-kehityksen-periaatteet\\\/#breadcrumb\",\"itemListElement\":[{\"@type\":\"ListItem\",\"position\":1,\"name\":\"Home\",\"item\":\"https:\\\/\\\/pranglireisid.ee\\\/fi\\\/\"},{\"@type\":\"ListItem\",\"position\":2,\"name\":\"Kest\u00e4v\u00e4n kehityksen periaatteet\"}]},{\"@type\":\"WebSite\",\"@id\":\"https:\\\/\\\/pranglireisid.ee\\\/#website\",\"url\":\"https:\\\/\\\/pranglireisid.ee\\\/\",\"name\":\"Prangli Reisid\",\"description\":\"Elamusreisid merel ja maal\",\"potentialAction\":[{\"@type\":\"SearchAction\",\"target\":{\"@type\":\"EntryPoint\",\"urlTemplate\":\"https:\\\/\\\/pranglireisid.ee\\\/?s={search_term_string}\"},\"query-input\":{\"@type\":\"PropertyValueSpecification\",\"valueRequired\":true,\"valueName\":\"search_term_string\"}}],\"inLanguage\":\"fi\"}]}<\/script>\n<!-- \/ Yoast SEO plugin. -->","yoast_head_json":{"title":"Kest\u00e4v\u00e4n kehityksen periaatteet - Prangli Reisid","description":"Kaikessa toiminnassamme noudatamme kest\u00e4v\u00e4n kehityksen periaatteita ja pyrimme mukautumaan vihre\u00e4n siirtym\u00e4n vaatimuksiin.","robots":{"index":"index","follow":"follow","max-snippet":"max-snippet:-1","max-image-preview":"max-image-preview:large","max-video-preview":"max-video-preview:-1"},"canonical":"https:\/\/pranglireisid.ee\/fi\/kestavan-kehityksen-periaatteet\/","og_locale":"fi_FI","og_type":"article","og_title":"Kest\u00e4v\u00e4n kehityksen periaatteet - Prangli Reisid","og_description":"Kaikessa toiminnassamme noudatamme kest\u00e4v\u00e4n kehityksen periaatteita ja pyrimme mukautumaan vihre\u00e4n siirtym\u00e4n vaatimuksiin.","og_url":"https:\/\/pranglireisid.ee\/fi\/kestavan-kehityksen-periaatteet\/","og_site_name":"Prangli Reisid","article_modified_time":"2025-04-24T12:19:46+00:00","og_image":[{"width":900,"height":600,"url":"https:\/\/pranglireisid.ee\/wp-content\/uploads\/2025\/02\/prangli_ratasrannal.webp","type":"image\/webp"}],"twitter_card":"summary_large_image","twitter_misc":{"Arvioitu lukuaika":"3 minuuttia"},"schema":{"@context":"https:\/\/schema.org","@graph":[{"@type":"WebPage","@id":"https:\/\/pranglireisid.ee\/fi\/kestavan-kehityksen-periaatteet\/","url":"https:\/\/pranglireisid.ee\/fi\/kestavan-kehityksen-periaatteet\/","name":"Kest\u00e4v\u00e4n kehityksen periaatteet - Prangli Reisid","isPartOf":{"@id":"https:\/\/pranglireisid.ee\/#website"},"primaryImageOfPage":{"@id":"https:\/\/pranglireisid.ee\/fi\/kestavan-kehityksen-periaatteet\/#primaryimage"},"image":{"@id":"https:\/\/pranglireisid.ee\/fi\/kestavan-kehityksen-periaatteet\/#primaryimage"},"thumbnailUrl":"https:\/\/pranglireisid.ee\/wp-content\/uploads\/2025\/02\/prangli_ratasrannal.webp","datePublished":"2025-02-20T11:10:23+00:00","dateModified":"2025-04-24T12:19:46+00:00","description":"Kaikessa toiminnassamme noudatamme kest\u00e4v\u00e4n kehityksen periaatteita ja pyrimme mukautumaan vihre\u00e4n siirtym\u00e4n vaatimuksiin.","breadcrumb":{"@id":"https:\/\/pranglireisid.ee\/fi\/kestavan-kehityksen-periaatteet\/#breadcrumb"},"inLanguage":"fi","potentialAction":[{"@type":"ReadAction","target":["https:\/\/pranglireisid.ee\/fi\/kestavan-kehityksen-periaatteet\/"]}]},{"@type":"ImageObject","inLanguage":"fi","@id":"https:\/\/pranglireisid.ee\/fi\/kestavan-kehityksen-periaatteet\/#primaryimage","url":"https:\/\/pranglireisid.ee\/wp-content\/uploads\/2025\/02\/prangli_ratasrannal.webp","contentUrl":"https:\/\/pranglireisid.ee\/wp-content\/uploads\/2025\/02\/prangli_ratasrannal.webp","width":900,"height":600},{"@type":"BreadcrumbList","@id":"https:\/\/pranglireisid.ee\/fi\/kestavan-kehityksen-periaatteet\/#breadcrumb","itemListElement":[{"@type":"ListItem","position":1,"name":"Home","item":"https:\/\/pranglireisid.ee\/fi\/"},{"@type":"ListItem","position":2,"name":"Kest\u00e4v\u00e4n kehityksen periaatteet"}]},{"@type":"WebSite","@id":"https:\/\/pranglireisid.ee\/#website","url":"https:\/\/pranglireisid.ee\/","name":"Prangli Reisid","description":"Elamusreisid merel ja maal","potentialAction":[{"@type":"SearchAction","target":{"@type":"EntryPoint","urlTemplate":"https:\/\/pranglireisid.ee\/?s={search_term_string}"},"query-input":{"@type":"PropertyValueSpecification","valueRequired":true,"valueName":"search_term_string"}}],"inLanguage":"fi"}]}},"_links":{"self":[{"href":"https:\/\/pranglireisid.ee\/fi\/wp-json\/wp\/v2\/pages\/3856","targetHints":{"allow":["GET"]}}],"collection":[{"href":"https:\/\/pranglireisid.ee\/fi\/wp-json\/wp\/v2\/pages"}],"about":[{"href":"https:\/\/pranglireisid.ee\/fi\/wp-json\/wp\/v2\/types\/page"}],"author":[{"embeddable":true,"href":"https:\/\/pranglireisid.ee\/fi\/wp-json\/wp\/v2\/users\/2"}],"replies":[{"embeddable":true,"href":"https:\/\/pranglireisid.ee\/fi\/wp-json\/wp\/v2\/comments?post=3856"}],"version-history":[{"count":2,"href":"https:\/\/pranglireisid.ee\/fi\/wp-json\/wp\/v2\/pages\/3856\/revisions"}],"predecessor-version":[{"id":4397,"href":"https:\/\/pranglireisid.ee\/fi\/wp-json\/wp\/v2\/pages\/3856\/revisions\/4397"}],"wp:featuredmedia":[{"embeddable":true,"href":"https:\/\/pranglireisid.ee\/fi\/wp-json\/wp\/v2\/media\/2258"}],"wp:attachment":[{"href":"https:\/\/pranglireisid.ee\/fi\/wp-json\/wp\/v2\/media?parent=3856"}],"curies":[{"name":"wp","href":"https:\/\/api.w.org\/{rel}","templated":true}]}}