{"id":3855,"date":"2025-02-20T13:09:06","date_gmt":"2025-02-20T11:09:06","guid":{"rendered":"https:\/\/pranglireisid.ee\/?page_id=3855"},"modified":"2025-11-11T16:40:16","modified_gmt":"2025-11-11T14:40:16","slug":"tietosuojakaytanto","status":"publish","type":"page","link":"https:\/\/pranglireisid.ee\/fi\/tietosuojakaytanto\/","title":{"rendered":"Tietosuojak\u00e4yt\u00e4nt\u00f6"},"content":{"rendered":"<div class=\"fusion-fullwidth fullwidth-box fusion-builder-row-1 fusion-flex-container nonhundred-percent-fullwidth non-hundred-percent-height-scrolling\" style=\"--awb-border-radius-top-left:0px;--awb-border-radius-top-right:0px;--awb-border-radius-bottom-right:0px;--awb-border-radius-bottom-left:0px;--awb-flex-wrap:wrap;\" ><div class=\"fusion-builder-row fusion-row fusion-flex-align-items-flex-start fusion-flex-content-wrap\" style=\"max-width:1248px;margin-left: calc(-4% \/ 2 );margin-right: calc(-4% \/ 2 );\"><div class=\"fusion-layout-column fusion_builder_column fusion-builder-column-0 fusion_builder_column_5_6 5_6 fusion-flex-column\" style=\"--awb-bg-size:cover;--awb-width-large:83.333333333333%;--awb-margin-top-large:0px;--awb-spacing-right-large:2.304%;--awb-margin-bottom-large:0px;--awb-spacing-left-large:2.304%;--awb-width-medium:83.333333333333%;--awb-spacing-right-medium:2.304%;--awb-spacing-left-medium:2.304%;--awb-width-small:100%;--awb-spacing-right-small:1.92%;--awb-spacing-left-small:1.92%;\"><div class=\"fusion-column-wrapper fusion-flex-justify-content-flex-start fusion-content-layout-column\"><div class=\"fusion-title title fusion-title-1 fusion-sep-none fusion-title-text fusion-title-size-one\"><h1 class=\"fusion-title-heading title-heading-left fusion-responsive-typography-calculated\" style=\"margin:0;--fontSize:35;line-height:var(--awb-typography1-line-height);\">Prangli Reisid O\u00dc\u00a0tietosuojak\u00e4yt\u00e4nt\u00f6 ja k\u00e4ytt\u00f6ehdot<\/h1><\/div><div class=\"fusion-text fusion-text-1\"><p><strong>Voimassa alkaen 25.05.2018<\/strong><\/p>\n<p class=\"\" data-start=\"88\" data-end=\"596\">T\u00e4m\u00e4 tietosuojak\u00e4yt\u00e4nt\u00f6 m\u00e4\u00e4rittelee yleiset periaatteet, joita noudatamme henkil\u00f6tietojen k\u00e4sittelyss\u00e4. Jotta voisimme tarjota sinulle juuri tarpeitasi vastaavan palvelu- tai hakemuskokemuksen, Prangli Reisid O\u00dc:n on k\u00e4sitelt\u00e4v\u00e4 henkil\u00f6tietojasi. Henkil\u00f6tietojesi avulla ymm\u00e4rr\u00e4mme paremmin tarpeitasi ja voimme tarjota sinulle parasta mahdollista tukea ja neuvontaa. Tarvitsemme tietojasi my\u00f6s palveluidemme laadun parantamiseksi tai lakis\u00e4\u00e4teisten velvoitteiden ja oikeudellisten vaatimusten t\u00e4ytt\u00e4miseksi.<\/p>\n<p class=\"\" data-start=\"598\" data-end=\"1121\">Prangli Reisid O\u00dc toimii rekisterinpit\u00e4j\u00e4n\u00e4, joka m\u00e4\u00e4ritt\u00e4\u00e4 henkil\u00f6tietojen k\u00e4sittelyn tarkoitukset ja keinot. Tiedotamme sinulle tarkemmin tietosuojak\u00e4yt\u00e4nn\u00f6ist\u00e4, mukaan lukien henkil\u00f6tietojen k\u00e4sittelyn tarkoitukset, oikeutesi sek\u00e4 Prangli Reisid O\u00dc:n velvollisuudet ja vastuut henkil\u00f6tietojen k\u00e4sittelyyn liittyen. Tarjotaksemme asiakkaillemme erinomaisen palvelukokemuksen ja kokonaiskuvan Prangli Reisid O\u00dc:n tarjoamista palveluista, on joskus tarpeellista jakaa henkil\u00f6tietojasi valtuutettujen k\u00e4sittelij\u00f6iden kanssa.<\/p>\n<p class=\"\" data-start=\"1123\" data-end=\"1222\">Prangli Reisid O\u00dc:n ker\u00e4\u00e4miin henkil\u00f6tietoihin on p\u00e4\u00e4sy kolmella Prangli Reisid O\u00dc:n ty\u00f6ntekij\u00e4ll\u00e4:<\/p>\n<p class=\"\" data-start=\"1224\" data-end=\"1342\">Yhteystiedot: <a class=\"cursor-pointer\" href=\"mailto:annika@pranglireisid.ee\" rel=\"noopener\" data-start=\"1238\" data-end=\"1261\">annika@pranglireisid.ee<\/a><br data-start=\"1261\" data-end=\"1264\" \/>Yhteystiedot: <a class=\"cursor-pointer\" href=\"mailto:marketing@pranglireisid.ee\" rel=\"noopener\" data-start=\"1278\" data-end=\"1304\">marketing@pranglireisid.ee<\/a><br data-start=\"1304\" data-end=\"1307\" \/>Yhteystiedot: <a class=\"cursor-pointer\" href=\"mailto:info@pranglireisid.ee\" rel=\"noopener\" data-start=\"1321\" data-end=\"1342\" data-is-last-node=\"\">info@pranglireisid.ee<\/a><\/p>\n<h2>Yleiset periaatteet<\/h2>\n<p>K\u00e4sittelemme henkil\u00f6tietoja aina lainmukaisesti. M\u00e4\u00e4rittelemme selke\u00e4t k\u00e4sittelyn tavoitteet ja k\u00e4sittelemme henkil\u00f6tietoja ainoastaan n\u00e4it\u00e4 tarkoituksia varten. Ker\u00e4\u00e4mme ja k\u00e4sittelemme vain olennaisia ja tarpeellisia henkil\u00f6tietoja.<\/p>\n<p>Lain vaatimusten mukaisesti meill\u00e4 voi olla velvollisuus luovuttaa henkil\u00f6tietoja viranomaisille tai valvontaviranomaisille taikka antaa n\u00e4ille p\u00e4\u00e4sy henkil\u00f6tietoihin. Lis\u00e4ksi voimme siirt\u00e4\u00e4 henkil\u00f6tietoja valtuutetulle k\u00e4sittelij\u00e4llemme, jos se on tarpeellista henkil\u00f6tietojen k\u00e4sittelyn tarkoituksen saavuttamiseksi.<\/p>\n<p>S\u00e4ilyt\u00e4mme henkil\u00f6tietoja vain niin kauan kuin laki tai sopimus sit\u00e4 edellytt\u00e4\u00e4 tai kuin liiketoimintamme kannalta on tarpeen. S\u00e4ilytysajan p\u00e4\u00e4tytty\u00e4 poistamme henkil\u00f6tiedot pysyv\u00e4sti.<\/p>\n<h2>Ev\u00e4steet ja niiden poistaminen<\/h2>\n<p>Ev\u00e4ste (cookie) on pieni tekstitiedosto, jonka verkkopalvelin l\u00e4hett\u00e4\u00e4 k\u00e4ytt\u00e4j\u00e4n selaimelle ja joka tallentuu k\u00e4ytt\u00e4j\u00e4n tietokoneen kovalevylle. Ev\u00e4steiden avulla voidaan muistaa k\u00e4ytt\u00e4j\u00e4n asetuksia, kuten fonttikoko, viestint\u00e4kieli, laitetiedot, vierailutilastot jne.<\/p>\n<p>Kaikki verkkoselaimet on oletuksena asetettu hyv\u00e4ksym\u00e4\u00e4n ev\u00e4steet, mutta selaimen asetuksia voi yleens\u00e4 muuttaa siten, ett\u00e4 ev\u00e4steiden k\u00e4ytt\u00f6 estet\u00e4\u00e4n kokonaan, kolmannen osapuolen ev\u00e4steet estet\u00e4\u00e4n tai jokaisesta l\u00e4hetetyst\u00e4 ev\u00e4steest\u00e4 ilmoitetaan k\u00e4ytt\u00e4j\u00e4lle.<\/p>\n<p>Prangli Reisid O\u00dc k\u00e4ytt\u00e4\u00e4 seuraavanlaisia ev\u00e4steit\u00e4:<\/p>\n<ul>\n<li>Istuntoev\u00e4steet (session cookies), jotka ovat tilap\u00e4isi\u00e4 ja mahdollistavat palvelun k\u00e4yt\u00f6n.<\/li>\n<li>Pysyv\u00e4t ev\u00e4steet (persistent cookies), jotka tallentuvat k\u00e4ytt\u00e4j\u00e4n tietokoneelle my\u00f6s selainistunnon p\u00e4\u00e4tytty\u00e4, ja joiden avulla muistetaan k\u00e4ytt\u00e4j\u00e4n tekem\u00e4t valinnat Prangli Reisid O\u00dc:n verkkosivuilla.<\/li>\n<\/ul>\n<p>Erityisesti Prangli Reisid O\u00dc k\u00e4ytt\u00e4\u00e4:<\/p>\n<ul>\n<li>Analytiikkaev\u00e4steit\u00e4, jotka ker\u00e4\u00e4v\u00e4t tietoa siit\u00e4, miten verkkosivua k\u00e4ytet\u00e4\u00e4n. Esimerkiksi mit\u00e4 sis\u00e4lt\u00f6sivuja luetaan eniten tai mit\u00e4 sivustolta etsit\u00e4\u00e4n. N\u00e4iden ev\u00e4steiden avulla ei ker\u00e4t\u00e4 tietoja, joilla k\u00e4ytt\u00e4j\u00e4 voitaisiin suoraan tunnistaa. T\u00e4llaisia ovat esimerkiksi Google Analytics- ja Hotjar-ev\u00e4steet.<\/li>\n<li>Mainosev\u00e4steit\u00e4, joiden avulla voidaan kohdentaa mainontaa k\u00e4ytt\u00e4j\u00e4n kiinnostuksen kohteiden perusteella. Esimerkiksi pranglireisid.ee-sivustolla on k\u00e4yt\u00f6ss\u00e4 Facebook Pixel -koodi. Jos et en\u00e4\u00e4 halua n\u00e4hd\u00e4 Prangli Reisid O\u00dc:n mainoksia Facebookissa, voit poistaa ne k\u00e4yt\u00f6st\u00e4 osoitteessa: <a href=\"https:\/\/www.facebook.com\/ads\/preferences\">https:\/\/www.facebook.com\/ads\/preferences<\/a> \u2192 kohta &#8221;Mainostajat, joiden kanssa olet ollut vuorovaikutuksessa&#8221; \u2192 poista Prangli Reisid \/ Prangli Travel.<\/li>\n<li>Kolmannen osapuolen ev\u00e4steit\u00e4, kuten YouTube-videoiden yhteydess\u00e4 k\u00e4ytett\u00e4vi\u00e4. Videoita ei n\u00e4ytet\u00e4, jos k\u00e4ytt\u00e4j\u00e4 ei ole hyv\u00e4ksynyt tietosuojak\u00e4yt\u00e4nt\u00f6\u00e4. T\u00e4t\u00e4 varten k\u00e4yt\u00e4mme Avada-teeman luomaa privacy_embeds-ev\u00e4stett\u00e4.<\/li>\n<\/ul>\n<p>K\u00e4ytt\u00e4j\u00e4ll\u00e4 on oikeus est\u00e4\u00e4 ev\u00e4steiden tallentaminen tietokoneelleen. T\u00e4m\u00e4 onnistuu muuttamalla verkkoselaimen asetuksia.<\/p>\n<p>Ohjeet yleisimpien selainten ev\u00e4steasetusten muuttamiseen:<\/p>\n<ul>\n<li><a href=\"https:\/\/support.google.com\/chrome\/answer\/95647?hl=en\">Chrome<\/a><\/li>\n<li><a href=\"https:\/\/support.mozilla.org\/en-US\/kb\/delete-browsing-search-download-history-firefox?redirectslug=Clear+Recent+History&amp;redirectlocale=en-US\">Firefox<\/a><\/li>\n<li><a href=\"https:\/\/help.opera.com\/en\/latest\/security-and-privacy\/#clearBrowsingData\">Opera<\/a><\/li>\n<li><a href=\"https:\/\/support.apple.com\/en-gb\/guide\/safari\/sfri11471\/mac\">Safari<\/a><\/li>\n<\/ul>\n<p>Ev\u00e4steiden est\u00e4misen yhteydess\u00e4 on hyv\u00e4 huomioida, ett\u00e4 kaikki verkkosivuston toiminnot eiv\u00e4t v\u00e4ltt\u00e4m\u00e4tt\u00e4 ole t\u00e4ll\u00f6in k\u00e4ytett\u00e4viss\u00e4.<\/p>\n<h2>Milloin ja mit\u00e4 henkil\u00f6tietoja k\u00e4sittelemme:<\/h2>\n<ul>\n<li>Henkil\u00f6- ja yhteystiedot, kuten nimi, s\u00e4hk\u00f6postiosoite, puhelinnumero, IP-osoite;<\/li>\n<li>Yritysten edustajien tiedot, kuten nimi, ammattinimike, asema;<\/li>\n<li>Ostajien pankkitiedot, kuten tilinumero ja pankin nimi;<\/li>\n<li>Ostohistoria, kuten ostotapahtuman p\u00e4iv\u00e4m\u00e4\u00e4r\u00e4 ja ostettu palvelu;<\/li>\n<li>S\u00e4hk\u00f6postiosoitteesi uutiskirjeen tilaamisen yhteydess\u00e4. Uutiskirjeit\u00e4 l\u00e4hett\u00e4\u00e4 Prangli Reisid O\u00dc suostumuksellasi;<\/li>\n<li>Sosiaalisen median profiilisi, mik\u00e4li olet tyk\u00e4nnyt Prangli Reisid O\u00dc:n Facebook-sivusta \u2013 tarkoituksena on toimittaa uutisia toiminnastamme uutisvirtaasi;<\/li>\n<li>Kun otat meihin yhteytt\u00e4, esimerkiksi s\u00e4hk\u00f6postitse (esim. hintapyynt\u00f6, tietopyynt\u00f6) tai puhelimitse \u2013 jotta voimme vastata kyselyysi. Prangli Reisid O\u00dc ei tallenna puheluita;<\/li>\n<li>Kolmansilta osapuolilta saadut tiedot, kuten julkisista rekistereist\u00e4 (esim. kiinteist\u00f6rekisteri, verohallinto tai kaupparekisteri), jos tiedot ovat tarpeen sopimuksen t\u00e4ytt\u00e4miseksi tai t\u00e4ytt\u00e4misen varmistamiseksi, ja tietojen k\u00e4sittely perustuu lakiin tai suostumukseesi;<\/li>\n<li>Vierailutiedot Prangli Reisid O\u00dc:n verkkosivustolla \u2013 tarkoituksena tarjota sinulle paras mahdollinen k\u00e4ytt\u00f6kokemus;<\/li>\n<li>Saatamme saada henkil\u00f6tietoja suoraan sinulta, kun sy\u00f6t\u00e4t tietosi kyselylomakkeisiimme, vierailet verkkosivuillamme, t\u00e4yt\u00e4t lomakkeen julkisessa tapahtumassa tai osallistut kuluttajakilpailuun.<\/li>\n<\/ul>\n<h2>K\u00e4sittelemme henkil\u00f6tietoja seuraaviin tarkoituksiin:<\/h2>\n<ul>\n<li>Myyntisopimuksen tekemiseen ja t\u00e4ytt\u00e4miseen, laskujen l\u00e4hett\u00e4miseen, tilausten k\u00e4sittelyyn ja asiakastuen tarjoamiseen;<\/li>\n<li>Oikeuksien k\u00e4ytt\u00e4miseen ja lakis\u00e4\u00e4teisten velvoitteiden t\u00e4ytt\u00e4miseen, mukaan lukien maksujen palauttaminen ja kirjanpitovelvollisuuksien hoitaminen;<\/li>\n<li>Kyselyjen ja hakemusten k\u00e4sittelemiseen;<\/li>\n<li>Uutiskirjeidemme l\u00e4hett\u00e4miseen;<\/li>\n<li>Tuotteidemme ja palveluidemme mainostamiseen.<\/li>\n<\/ul>\n<p>Verkkokauppaa k\u00e4ytett\u00e4ess\u00e4 siirr\u00e4mme maksujen k\u00e4sittelyyn tarvittavat henkil\u00f6tiedot valtuutetulle k\u00e4sittelij\u00e4lle, Maksekeskus AS:lle.<\/p>\n<p>K\u00e4sittelemme henkil\u00f6tietoja Viron voimassa olevan lains\u00e4\u00e4d\u00e4nn\u00f6n mukaisesti.<\/p>\n<h2><strong data-start=\"0\" data-end=\"13\">Oikeutesi<\/strong><\/h2>\n<p>Sinulla on oikeus hallita omia henkil\u00f6tietojasi. T\u00e4m\u00e4 tarkoittaa, ett\u00e4 sinulla on oikeus tutustua henkil\u00f6tietoihisi, pyyt\u00e4\u00e4 niiden oikaisemista, oikeus tulla unohdetuksi, rajoittaa tietojesi k\u00e4sittely\u00e4, vastustaa tietojen k\u00e4sittely\u00e4, pyyt\u00e4\u00e4 tietojen siirtoa sek\u00e4 peruuttaa aiemmin antamasi suostumus tietojen k\u00e4sittelyyn.<\/p>\n<article class=\"text-token-text-primary w-full\" dir=\"auto\" data-testid=\"conversation-turn-183\" data-scroll-anchor=\"true\">\n<div class=\"text-base my-auto mx-auto py-5 &#091;--thread-content-margin:--spacing(4)&#093; @&#091;37rem&#093;:&#091;--thread-content-margin:--spacing(6)&#093; @&#091;70rem&#093;:&#091;--thread-content-margin:--spacing(12)&#093; px-(--thread-content-margin)\">\n<div class=\"&#091;--thread-content-max-width:32rem&#093; @&#091;34rem&#093;:&#091;--thread-content-max-width:40rem&#093; @&#091;64rem&#093;:&#091;--thread-content-max-width:48rem&#093; mx-auto flex max-w-(--thread-content-max-width) flex-1 text-base gap-4 md:gap-5 lg:gap-6 group\/turn-messages focus-visible:outline-hidden\" tabindex=\"-1\">\n<div class=\"group\/conversation-turn relative flex w-full min-w-0 flex-col agent-turn\">\n<div class=\"relative flex-col gap-1 md:gap-3\">\n<div class=\"flex max-w-full flex-col grow\">\n<div class=\"min-h-8 text-message relative flex w-full flex-col items-end gap-2 text-start break-words whitespace-normal &#091;.text-message+&amp;&#093;:mt-5\" dir=\"auto\" data-message-author-role=\"assistant\" data-message-id=\"2e19d23f-2c27-4817-82de-3f2c39741d22\" data-message-model-slug=\"gpt-4o\">\n<div class=\"flex w-full flex-col gap-1 empty:hidden first:pt-&#091;3px&#093;\">\n<div class=\"markdown prose dark:prose-invert w-full break-words dark\">\n<h2 data-start=\"339\" data-end=\"392\">Henkil\u00f6tietoihisi liittyv\u00e4t oikeutesi sis\u00e4lt\u00e4v\u00e4t:<\/h2>\n<ul>\n<li data-start=\"394\" data-end=\"682\"><strong data-start=\"394\" data-end=\"433\">Oikeus saada p\u00e4\u00e4sy henkil\u00f6tietoihin<\/strong> \u2013 Sinulla on oikeus tiet\u00e4\u00e4, mit\u00e4 henkil\u00f6tietoja meill\u00e4 on sinusta ja miten niit\u00e4 k\u00e4sitell\u00e4\u00e4n, mukaan lukien k\u00e4sittelyn tarkoitus, kenelle tietoja luovutetaan, automaattiseen p\u00e4\u00e4t\u00f6ksentekoon liittyv\u00e4 tieto sek\u00e4 oikeus saada kopio henkil\u00f6tiedoistasi.<\/li>\n<li data-start=\"394\" data-end=\"682\"><strong data-start=\"684\" data-end=\"718\">Oikeus oikaista henkil\u00f6tietoja<\/strong> \u2013 Sinulla on oikeus pyyt\u00e4\u00e4 puutteellisten, virheellisten tai ep\u00e4tarkkojen henkil\u00f6tietojen korjaamista.<\/li>\n<li data-start=\"394\" data-end=\"682\"><strong data-start=\"823\" data-end=\"881\">Oikeus peruuttaa suostumus henkil\u00f6tietojen k\u00e4sittelyyn<\/strong> \u2013 Sinulla on oikeus peruuttaa meille aiemmin antamasi suostumus henkil\u00f6tietojen k\u00e4sittelyyn. Huomaathan, ett\u00e4 suostumuksen peruuttaminen ei vaikuta sit\u00e4 ennen tapahtuneen k\u00e4sittelyn lainmukaisuuteen. Suostumuksen peruuttaminen ei aiheuta sinulle haitallisia seurauksia.<\/li>\n<li data-start=\"394\" data-end=\"682\"><strong data-start=\"1153\" data-end=\"1221\">Oikeus henkil\u00f6tietojen poistamiseen (&#8221;oikeus tulla unohdetuksi&#8221;)<\/strong> \u2013 Sinulla on oikeus pyyt\u00e4\u00e4, ett\u00e4 poistamme henkil\u00f6tietosi (esimerkiksi jos peruutat suostumuksesi tai tietoja ei en\u00e4\u00e4 tarvita alkuper\u00e4iseen tarkoitukseen). Meill\u00e4 on kuitenkin oikeus kielt\u00e4yty\u00e4 tietojen poistamisesta, jos k\u00e4sittely on tarpeen lakis\u00e4\u00e4teisten velvoitteiden t\u00e4ytt\u00e4miseksi, sananvapauden ja tiedonsaannin oikeuden k\u00e4ytt\u00e4miseksi, oikeudellisten vaateiden laatimiseksi, esitt\u00e4miseksi tai puolustamiseksi tai yleisen edun vuoksi.<\/li>\n<li data-start=\"394\" data-end=\"682\"><strong data-start=\"1663\" data-end=\"1694\">Oikeus vastustaa k\u00e4sittely\u00e4<\/strong> \u2013 Sinulla on oikeus vastustaa henkil\u00f6tietojesi k\u00e4sittely\u00e4, jos se perustuu oikeutettuun etuumme tai yleiseen etuun. Voit milloin tahansa vastustaa suoramarkkinointia, jolloin lopetamme sen v\u00e4litt\u00f6m\u00e4sti.<\/li>\n<li data-start=\"394\" data-end=\"682\"><strong data-start=\"1899\" data-end=\"1935\">Oikeus tietojen siirrett\u00e4vyyteen<\/strong> \u2013 Jos k\u00e4sittely perustuu suostumukseesi ja tapahtuu automaattisesti, sinulla on oikeus saada meille toimittamasi henkil\u00f6tiedot j\u00e4sennellyss\u00e4, yleisesti k\u00e4ytetyss\u00e4 ja koneellisesti luettavassa muodossa, ja siirt\u00e4\u00e4 n\u00e4m\u00e4 tiedot toiselle rekisterinpit\u00e4j\u00e4lle. Voit my\u00f6s pyyt\u00e4\u00e4, ett\u00e4 siirr\u00e4mme tiedot suoraan toiselle rekisterinpit\u00e4j\u00e4lle, jos se on teknisesti mahdollista.<\/li>\n<li data-start=\"394\" data-end=\"682\"><strong data-start=\"2304\" data-end=\"2396\">Oikeus olla joutumatta automaattisen p\u00e4\u00e4t\u00f6ksenteon kohteeksi (mukaan lukien profilointi)<\/strong> \u2013 Jos olemme ilmoittaneet, ett\u00e4 teemme p\u00e4\u00e4t\u00f6ksi\u00e4 yksinomaan automaattisen k\u00e4sittelyn perusteella, joilla on oikeudellisia tai vastaavanlaisia merkitt\u00e4vi\u00e4 vaikutuksia sinuun, sinulla on oikeus pyyt\u00e4\u00e4, ettei p\u00e4\u00e4t\u00f6ksi\u00e4 tehd\u00e4 pelk\u00e4st\u00e4\u00e4n automaattisesti.<\/li>\n<li data-start=\"394\" data-end=\"682\"><strong data-start=\"2648\" data-end=\"2672\">Oikeus tehd\u00e4 valitus<\/strong> \u2013 Sinulla on oikeus tehd\u00e4 valitus henkil\u00f6tietojesi k\u00e4sittelyst\u00e4 Viron tietosuojaviranomaiselle (Andmekaitse Inspektsioon, <a class=\"\" href=\"http:\/\/www.aki.ee\" target=\"_new\" rel=\"noopener\" data-start=\"2795\" data-end=\"2805\">www.aki.ee<\/a>).<\/li>\n<\/ul>\n<p class=\"\" data-start=\"2648\" data-end=\"3012\">Jos haluat k\u00e4ytt\u00e4\u00e4 oikeuksiasi tai sinulla on kysytt\u00e4v\u00e4\u00e4 tietosuojak\u00e4yt\u00e4nn\u00f6ist\u00e4, l\u00e4het\u00e4 pyynt\u00f6si s\u00e4hk\u00f6postitse osoitteeseen <a class=\"cursor-pointer\" href=\"mailto:annika@pranglireisid.ee\" rel=\"noopener\" data-start=\"2934\" data-end=\"2957\">annika@pranglireisid.ee<\/a>. Vastaamme pyynt\u00f6\u00f6si s\u00e4hk\u00f6postitse kuukauden kuluessa.<\/p>\n<\/div>\n<\/div>\n<\/div>\n<\/div>\n<\/div>\n<\/div>\n<\/div>\n<\/div>\n<\/article>\n<h2><strong>Henkil\u00f6tietojen s\u00e4ilytys ja k\u00e4sittelyrikkomukset<\/strong><\/h2>\n<p>Ilmoitathan meille viipym\u00e4tt\u00e4 kaikista tiedossasi olevista henkil\u00f6tietojen k\u00e4sittelyyn liittyvist\u00e4 rikkomuksista tai uhkista osoitteeseen <a href=\"mailto:annika@pranglireisid.ee\">annika@pranglireisid.ee<\/a>.<\/p>\n<p>Luovutamme henkil\u00f6tietojasi tai annamme niihin p\u00e4\u00e4syn viranomaisille ja valvontaviranomaisille vain, jos laki velvoittaa meit\u00e4 siihen.<\/p>\n<p>S\u00e4ilyt\u00e4mme henkil\u00f6tietoja niin kauan kuin se on voimassa olevan lains\u00e4\u00e4d\u00e4nn\u00f6n mukaan sallittua tai vaadittua, tai niin kauan kuin on tarpeen t\u00e4m\u00e4n tietosuojak\u00e4yt\u00e4nn\u00f6n mukaisten tarkoitusten saavuttamiseksi.<\/p>\n<p>Lainmukaisten velvoitteiden t\u00e4ytt\u00e4miseen k\u00e4sitellyt henkil\u00f6tiedot s\u00e4ilytet\u00e4\u00e4n niin kauan kuin vastaava lakis\u00e4\u00e4teinen velvoite on voimassa (esimerkiksi kirjanpitolain mukainen 7 vuoden s\u00e4ilytysaika). Laskutustiedot s\u00e4ilytet\u00e4\u00e4n 3 vuotta liiketapahtuman j\u00e4lkeen. Riitatilanteisiin liittyvi\u00e4 henkil\u00f6tietoja s\u00e4ilytet\u00e4\u00e4n vaateen vanhentumiseen saakka.<\/p>\n<p>S\u00e4ilytysajan p\u00e4\u00e4tytty\u00e4 poistamme henkil\u00f6tiedot pysyv\u00e4sti.<\/p>\n<\/div><\/div><\/div><\/div><\/div>\n","protected":false},"excerpt":{"rendered":"","protected":false},"author":2,"featured_media":0,"parent":0,"menu_order":0,"comment_status":"closed","ping_status":"closed","template":"","meta":{"_acf_changed":false,"footnotes":""},"class_list":["post-3855","page","type-page","status-publish","hentry"],"acf":[],"yoast_head":"<!-- This site is optimized with the Yoast SEO plugin v27.3 - https:\/\/yoast.com\/product\/yoast-seo-wordpress\/ -->\n<title>Tietosuojak\u00e4yt\u00e4nt\u00f6 - Prangli Reisid<\/title>\n<meta name=\"robots\" content=\"index, follow, max-snippet:-1, max-image-preview:large, max-video-preview:-1\" \/>\n<link rel=\"canonical\" href=\"https:\/\/pranglireisid.ee\/fi\/tietosuojakaytanto\/\" \/>\n<meta property=\"og:locale\" content=\"fi_FI\" \/>\n<meta property=\"og:type\" content=\"article\" \/>\n<meta property=\"og:title\" content=\"Tietosuojak\u00e4yt\u00e4nt\u00f6 - Prangli Reisid\" \/>\n<meta property=\"og:url\" content=\"https:\/\/pranglireisid.ee\/fi\/tietosuojakaytanto\/\" \/>\n<meta property=\"og:site_name\" content=\"Prangli Reisid\" \/>\n<meta property=\"article:modified_time\" content=\"2025-11-11T14:40:16+00:00\" \/>\n<meta name=\"twitter:card\" content=\"summary_large_image\" \/>\n<meta name=\"twitter:label1\" content=\"Arvioitu lukuaika\" \/>\n\t<meta name=\"twitter:data1\" content=\"6 minuuttia\" \/>\n<script type=\"application\/ld+json\" class=\"yoast-schema-graph\">{\"@context\":\"https:\\\/\\\/schema.org\",\"@graph\":[{\"@type\":\"WebPage\",\"@id\":\"https:\\\/\\\/pranglireisid.ee\\\/fi\\\/tietosuojakaytanto\\\/\",\"url\":\"https:\\\/\\\/pranglireisid.ee\\\/fi\\\/tietosuojakaytanto\\\/\",\"name\":\"Tietosuojak\u00e4yt\u00e4nt\u00f6 - Prangli Reisid\",\"isPartOf\":{\"@id\":\"https:\\\/\\\/pranglireisid.ee\\\/#website\"},\"datePublished\":\"2025-02-20T11:09:06+00:00\",\"dateModified\":\"2025-11-11T14:40:16+00:00\",\"breadcrumb\":{\"@id\":\"https:\\\/\\\/pranglireisid.ee\\\/fi\\\/tietosuojakaytanto\\\/#breadcrumb\"},\"inLanguage\":\"fi\",\"potentialAction\":[{\"@type\":\"ReadAction\",\"target\":[\"https:\\\/\\\/pranglireisid.ee\\\/fi\\\/tietosuojakaytanto\\\/\"]}]},{\"@type\":\"BreadcrumbList\",\"@id\":\"https:\\\/\\\/pranglireisid.ee\\\/fi\\\/tietosuojakaytanto\\\/#breadcrumb\",\"itemListElement\":[{\"@type\":\"ListItem\",\"position\":1,\"name\":\"Home\",\"item\":\"https:\\\/\\\/pranglireisid.ee\\\/fi\\\/\"},{\"@type\":\"ListItem\",\"position\":2,\"name\":\"Tietosuojak\u00e4yt\u00e4nt\u00f6\"}]},{\"@type\":\"WebSite\",\"@id\":\"https:\\\/\\\/pranglireisid.ee\\\/#website\",\"url\":\"https:\\\/\\\/pranglireisid.ee\\\/\",\"name\":\"Prangli Reisid\",\"description\":\"Elamusreisid merel ja maal\",\"potentialAction\":[{\"@type\":\"SearchAction\",\"target\":{\"@type\":\"EntryPoint\",\"urlTemplate\":\"https:\\\/\\\/pranglireisid.ee\\\/?s={search_term_string}\"},\"query-input\":{\"@type\":\"PropertyValueSpecification\",\"valueRequired\":true,\"valueName\":\"search_term_string\"}}],\"inLanguage\":\"fi\"}]}<\/script>\n<!-- \/ Yoast SEO plugin. -->","yoast_head_json":{"title":"Tietosuojak\u00e4yt\u00e4nt\u00f6 - Prangli Reisid","robots":{"index":"index","follow":"follow","max-snippet":"max-snippet:-1","max-image-preview":"max-image-preview:large","max-video-preview":"max-video-preview:-1"},"canonical":"https:\/\/pranglireisid.ee\/fi\/tietosuojakaytanto\/","og_locale":"fi_FI","og_type":"article","og_title":"Tietosuojak\u00e4yt\u00e4nt\u00f6 - Prangli Reisid","og_url":"https:\/\/pranglireisid.ee\/fi\/tietosuojakaytanto\/","og_site_name":"Prangli Reisid","article_modified_time":"2025-11-11T14:40:16+00:00","twitter_card":"summary_large_image","twitter_misc":{"Arvioitu lukuaika":"6 minuuttia"},"schema":{"@context":"https:\/\/schema.org","@graph":[{"@type":"WebPage","@id":"https:\/\/pranglireisid.ee\/fi\/tietosuojakaytanto\/","url":"https:\/\/pranglireisid.ee\/fi\/tietosuojakaytanto\/","name":"Tietosuojak\u00e4yt\u00e4nt\u00f6 - Prangli Reisid","isPartOf":{"@id":"https:\/\/pranglireisid.ee\/#website"},"datePublished":"2025-02-20T11:09:06+00:00","dateModified":"2025-11-11T14:40:16+00:00","breadcrumb":{"@id":"https:\/\/pranglireisid.ee\/fi\/tietosuojakaytanto\/#breadcrumb"},"inLanguage":"fi","potentialAction":[{"@type":"ReadAction","target":["https:\/\/pranglireisid.ee\/fi\/tietosuojakaytanto\/"]}]},{"@type":"BreadcrumbList","@id":"https:\/\/pranglireisid.ee\/fi\/tietosuojakaytanto\/#breadcrumb","itemListElement":[{"@type":"ListItem","position":1,"name":"Home","item":"https:\/\/pranglireisid.ee\/fi\/"},{"@type":"ListItem","position":2,"name":"Tietosuojak\u00e4yt\u00e4nt\u00f6"}]},{"@type":"WebSite","@id":"https:\/\/pranglireisid.ee\/#website","url":"https:\/\/pranglireisid.ee\/","name":"Prangli Reisid","description":"Elamusreisid merel ja maal","potentialAction":[{"@type":"SearchAction","target":{"@type":"EntryPoint","urlTemplate":"https:\/\/pranglireisid.ee\/?s={search_term_string}"},"query-input":{"@type":"PropertyValueSpecification","valueRequired":true,"valueName":"search_term_string"}}],"inLanguage":"fi"}]}},"_links":{"self":[{"href":"https:\/\/pranglireisid.ee\/fi\/wp-json\/wp\/v2\/pages\/3855","targetHints":{"allow":["GET"]}}],"collection":[{"href":"https:\/\/pranglireisid.ee\/fi\/wp-json\/wp\/v2\/pages"}],"about":[{"href":"https:\/\/pranglireisid.ee\/fi\/wp-json\/wp\/v2\/types\/page"}],"author":[{"embeddable":true,"href":"https:\/\/pranglireisid.ee\/fi\/wp-json\/wp\/v2\/users\/2"}],"replies":[{"embeddable":true,"href":"https:\/\/pranglireisid.ee\/fi\/wp-json\/wp\/v2\/comments?post=3855"}],"version-history":[{"count":3,"href":"https:\/\/pranglireisid.ee\/fi\/wp-json\/wp\/v2\/pages\/3855\/revisions"}],"predecessor-version":[{"id":5657,"href":"https:\/\/pranglireisid.ee\/fi\/wp-json\/wp\/v2\/pages\/3855\/revisions\/5657"}],"wp:attachment":[{"href":"https:\/\/pranglireisid.ee\/fi\/wp-json\/wp\/v2\/media?parent=3855"}],"curies":[{"name":"wp","href":"https:\/\/api.w.org\/{rel}","templated":true}]}}