{"id":3843,"date":"2025-02-26T18:37:19","date_gmt":"2025-02-26T16:37:19","guid":{"rendered":"https:\/\/pranglireisid.ee\/?page_id=3843"},"modified":"2025-04-24T15:05:43","modified_gmt":"2025-04-24T12:05:43","slug":"meista","status":"publish","type":"page","link":"https:\/\/pranglireisid.ee\/fi\/meista\/","title":{"rendered":"Meist\u00e4"},"content":{"rendered":"<div class=\"fusion-fullwidth fullwidth-box fusion-builder-row-1 fusion-flex-container has-pattern-background has-mask-background nonhundred-percent-fullwidth non-hundred-percent-height-scrolling\" style=\"--awb-border-radius-top-left:0px;--awb-border-radius-top-right:0px;--awb-border-radius-bottom-right:0px;--awb-border-radius-bottom-left:0px;--awb-flex-wrap:wrap;\" ><div class=\"fusion-builder-row fusion-row fusion-flex-align-items-flex-start fusion-flex-content-wrap\" style=\"max-width:1248px;margin-left: calc(-4% \/ 2 );margin-right: calc(-4% \/ 2 );\"><div class=\"fusion-layout-column fusion_builder_column fusion-builder-column-0 fusion_builder_column_1_1 1_1 fusion-flex-column\" style=\"--awb-bg-size:cover;--awb-width-large:100%;--awb-margin-top-large:0px;--awb-spacing-right-large:1.92%;--awb-margin-bottom-large:0px;--awb-spacing-left-large:1.92%;--awb-width-medium:100%;--awb-order-medium:0;--awb-spacing-right-medium:1.92%;--awb-margin-bottom-medium:0;--awb-spacing-left-medium:1.92%;--awb-width-small:100%;--awb-order-small:0;--awb-spacing-right-small:1.92%;--awb-margin-bottom-small:0;--awb-spacing-left-small:1.92%;\" data-scroll-devices=\"small-visibility,medium-visibility,large-visibility\"><div class=\"fusion-column-wrapper fusion-column-has-shadow fusion-flex-justify-content-flex-start fusion-content-layout-column\"><div class=\"fusion-title title fusion-title-1 fusion-sep-none fusion-title-text fusion-title-size-one\"><h1 class=\"fusion-title-heading title-heading-left fusion-responsive-typography-calculated\" style=\"margin:0;--fontSize:35;line-height:var(--awb-typography1-line-height);\">Meist\u00e4<\/h1><\/div><\/div><\/div><div class=\"fusion-layout-column fusion_builder_column fusion-builder-column-1 fusion_builder_column_1_2 1_2 fusion-flex-column\" style=\"--awb-bg-size:cover;--awb-width-large:50%;--awb-margin-top-large:0px;--awb-spacing-right-large:3.84%;--awb-margin-bottom-large:20px;--awb-spacing-left-large:3.84%;--awb-width-medium:50%;--awb-order-medium:0;--awb-spacing-right-medium:3.84%;--awb-spacing-left-medium:3.84%;--awb-width-small:100%;--awb-order-small:0;--awb-spacing-right-small:1.92%;--awb-spacing-left-small:1.92%;\"><div class=\"fusion-column-wrapper fusion-column-has-shadow fusion-flex-justify-content-flex-start fusion-content-layout-column\"><div class=\"fusion-text fusion-text-1\"><p>Yrityksemme sai alkunsa Pranglin saarelta, ja vaikka Prangli onkin yh\u00e4 meille rakkain paikka, toimimme matkanj\u00e4rjest\u00e4j\u00e4n\u00e4 ja seikkailumatkojen tarjoajana koko Pohjois-Virossa. Vuodesta 2010 l\u00e4htien meill\u00e4 on ollut ilo palvella matkailun ja seikkailun yst\u00e4vi\u00e4 l\u00e4hes 60 eri maasta.<\/p>\n<p>Retkemme viev\u00e4t usein pois kuljetuilta reiteilt\u00e4 \u2013 v\u00e4lt\u00e4mme massaturismia ja etsimme kohteita, jotka parhaiten edustavat Viron luontoa, perinteit\u00e4 ja paikallista el\u00e4m\u00e4\u00e4. Kansainv\u00e4listen vieraiden lis\u00e4ksi l\u00e4hes puolet asiakkaistamme ovat tavallisia virolaisia \u2013 heit\u00e4, jotka tarvitsevat apua kes\u00e4retkien, koulumatkojen, luontokierrosten, kaupunkik\u00e4velyiden ja muiden mukavien tapahtumien j\u00e4rjest\u00e4misess\u00e4. Puhumme useita kieli\u00e4 ja osaamme hoitaa saariretkiin liittyv\u00e4t k\u00e4yt\u00e4nn\u00f6n j\u00e4rjestelyt!<\/p>\n<p>Arvomme:<\/p>\n<ul>\n<li>Kunnioitamme jokaista asiakasta ja h\u00e4nen tarpeitaan \u2013 haluamme, ett\u00e4 kaikki tuntevat olonsa tervetulleiksi ja turvallisiksi.<\/li>\n<li>Nautimme hyv\u00e4st\u00e4 tiimihengest\u00e4 ja loistavasta ty\u00f6porukasta.<\/li>\n<li>Kuljemme omia reittej\u00e4 ja huomaamme ymp\u00e4rill\u00e4mme kaiken hyv\u00e4n ja mielenkiintoisen.<\/li>\n<li>Esittelemme virolaista el\u00e4m\u00e4\u00e4 hauskojen aktiviteettien ja mieleenpainuvien paikkojen kautta.<\/li>\n<li>Tunnemme olomme kotoisaksi Viron luonnossa \u2013 ja jaamme sit\u00e4 iloa mielell\u00e4mme.<\/li>\n<li>Arvostamme kest\u00e4v\u00e4\u00e4 matkailua. Lue lis\u00e4\u00e4 kest\u00e4v\u00e4n kehityksen tavoitteistamme <a href=\"https:\/\/pranglireisid.ee\/fi\/kestavan-kehityksen-periaatteet\/\">T\u00c4\u00c4LT\u00c4<\/a>.<\/li>\n<\/ul>\n<p>Vuonna 2016 Prangli Reisid O\u00dc valittiin Pohjois-Viron parhaaksi matkailuyritykseksi pienyritysten kategoriassa.<br \/>\nVuodesta 2019 l\u00e4htien olemme olleet Viron Matkailuyritysten Liiton (ETFL) j\u00e4sen.<br \/>\nVuodesta 2020 l\u00e4htien olemme olleet Viron Luontomatkailuyhdistyksen (ELT\u00dc) j\u00e4sen.<\/p>\n<\/div><\/div><\/div><div class=\"fusion-layout-column fusion_builder_column fusion-builder-column-2 fusion_builder_column_1_2 1_2 fusion-flex-column\" style=\"--awb-bg-size:cover;--awb-width-large:50%;--awb-margin-top-large:0px;--awb-spacing-right-large:3.84%;--awb-margin-bottom-large:20px;--awb-spacing-left-large:3.84%;--awb-width-medium:50%;--awb-order-medium:0;--awb-spacing-right-medium:3.84%;--awb-spacing-left-medium:3.84%;--awb-width-small:100%;--awb-order-small:0;--awb-spacing-right-small:1.92%;--awb-spacing-left-small:1.92%;\" data-scroll-devices=\"small-visibility,medium-visibility,large-visibility\"><div class=\"fusion-column-wrapper fusion-column-has-shadow fusion-flex-justify-content-flex-start fusion-content-layout-column\"><div class=\"fusion-text fusion-text-2\">\n\t\t<!-- MasterSlider -->\n\t\t<div id=\"P_MS69dde6ae0b540\" class=\"master-slider-parent ms-parent-id-53\" style=\"max-width:1000px;\" >\n\n\t\t\t\n\t\t\t<!-- MasterSlider Main -->\n\t\t\t<div id=\"MS69dde6ae0b540\" class=\"master-slider ms-skin-black-2 round-skin\" >\n\t\t\t\t \t\t\t\t \n\n\t\t\t<div  class=\"ms-slide\" data-delay=\"3\" data-fill-mode=\"fill\"   >\n\t\t\t\t\t<img decoding=\"async\" src=\"https:\/\/pranglireisid.ee\/wp-content\/plugins\/masterslider\/public\/assets\/css\/blank.gif\" alt=\"\" title=\"prangli_kiik_anetetoming2021\" data-src=\"https:\/\/pranglireisid.ee\/wp-content\/uploads\/2025\/04\/prangli-travel-tiim-uforaba-2024-scaled.webp\" \/>\n\n\t\t\t\t\t<div class=\"ms-info\"><span data-sheets-root=\"1\">\u00a9Prangli Travel.<\/span><\/div>\n\n\n\t<img decoding=\"async\" class=\"ms-thumb\" src=\"https:\/\/pranglireisid.ee\/wp-content\/uploads\/2025\/04\/prangli-travel-tiim-uforaba-2024-scaled-111x50.webp\" alt=\"\" \/>\n\t\t\t\t<\/div>\n\t\t\t<div  class=\"ms-slide\" data-delay=\"3\" data-fill-mode=\"fill\"   >\n\t\t\t\t\t<img decoding=\"async\" src=\"https:\/\/pranglireisid.ee\/wp-content\/plugins\/masterslider\/public\/assets\/css\/blank.gif\" alt=\"\" title=\"prangli_gaas\" data-src=\"https:\/\/pranglireisid.ee\/wp-content\/uploads\/2025\/04\/valter-elo-ja-berit-1-scaled.webp\" \/>\n\n\t\t\t\t\t<div class=\"ms-info\"><span data-sheets-root=\"1\">\u00a9Prangli Travel.\u00a0<\/span><\/div>\n\n\n\t<img decoding=\"async\" class=\"ms-thumb\" src=\"https:\/\/pranglireisid.ee\/wp-content\/uploads\/2025\/04\/valter-elo-ja-berit-1-scaled-111x50.webp\" alt=\"\" \/>\n\t\t\t\t<\/div>\n\t\t\t<div  class=\"ms-slide\" data-delay=\"3\" data-fill-mode=\"fill\"   >\n\t\t\t\t\t<img decoding=\"async\" src=\"https:\/\/pranglireisid.ee\/wp-content\/plugins\/masterslider\/public\/assets\/css\/blank.gif\" alt=\"\" title=\"prangli_kirik_simosepp2021\" data-src=\"https:\/\/pranglireisid.ee\/wp-content\/uploads\/2025\/04\/Prangli-Traveli-tiim-2019-3-scaled.webp\" \/>\n\n\t\t\t\t\t<div class=\"ms-info\"><span data-sheets-root=\"1\">\u00a9Prangli Travel.<\/span><\/div>\n\n\n\t<img decoding=\"async\" class=\"ms-thumb\" src=\"https:\/\/pranglireisid.ee\/wp-content\/uploads\/2025\/04\/Prangli-Traveli-tiim-2019-3-scaled-111x50.webp\" alt=\"\" \/>\n\t\t\t\t<\/div>\n\t\t\t<div  class=\"ms-slide\" data-delay=\"3\" data-fill-mode=\"fill\"   >\n\t\t\t\t\t<img decoding=\"async\" src=\"https:\/\/pranglireisid.ee\/wp-content\/plugins\/masterslider\/public\/assets\/css\/blank.gif\" alt=\"\" title=\"prangli_kiviaiad_HassoHirvesoo\" data-src=\"https:\/\/pranglireisid.ee\/wp-content\/uploads\/2025\/04\/ANDRUS-PRANGLI-SARGIGA-scaled.webp\" \/>\n\n\t\t\t\t\t<div class=\"ms-info\"><span data-sheets-root=\"1\">\u00a9Prangli Travel.<\/span><\/div>\n\n\n\t<img decoding=\"async\" class=\"ms-thumb\" src=\"https:\/\/pranglireisid.ee\/wp-content\/uploads\/2025\/04\/ANDRUS-PRANGLI-SARGIGA-scaled-111x50.webp\" alt=\"\" \/>\n\t\t\t\t<\/div>\n\t\t\t<div  class=\"ms-slide\" data-delay=\"3\" data-fill-mode=\"fill\"   >\n\t\t\t\t\t<img decoding=\"async\" src=\"https:\/\/pranglireisid.ee\/wp-content\/plugins\/masterslider\/public\/assets\/css\/blank.gif\" alt=\"\" title=\"prangli_veokad_\u00a9MarkoPoolamets\" data-src=\"https:\/\/pranglireisid.ee\/wp-content\/uploads\/2025\/04\/Tiimimatk-autor-Jane-25-scaled.webp\" \/>\n\n\t\t\t\t\t<div class=\"ms-info\"><span data-sheets-root=\"1\">\u00a9Prangli Travel.<\/span><\/div>\n\n\n\t<img decoding=\"async\" class=\"ms-thumb\" src=\"https:\/\/pranglireisid.ee\/wp-content\/uploads\/2025\/04\/Tiimimatk-autor-Jane-25-scaled-111x50.webp\" alt=\"\" \/>\n\t\t\t\t<\/div>\n\t\t\t<div  class=\"ms-slide\" data-delay=\"3\" data-fill-mode=\"fill\"   >\n\t\t\t\t\t<img decoding=\"async\" src=\"https:\/\/pranglireisid.ee\/wp-content\/plugins\/masterslider\/public\/assets\/css\/blank.gif\" alt=\"\" title=\"prangli_paat\" data-src=\"https:\/\/pranglireisid.ee\/wp-content\/uploads\/2025\/04\/Prangli_Travel._Lounaks_kala.webp\" \/>\n\n\t\t\t\t\t<div class=\"ms-info\"><span data-sheets-root=\"1\">\u00a9Prangli Travel.<\/span><\/div>\n\n\n\t<img decoding=\"async\" class=\"ms-thumb\" src=\"https:\/\/pranglireisid.ee\/wp-content\/uploads\/2025\/04\/Prangli_Travel._Lounaks_kala-111x50.webp\" alt=\"\" \/>\n\t\t\t\t<\/div>\n\n\t\t\t<\/div>\n\t\t\t<!-- END MasterSlider Main -->\n\n\t\t\t \n\t\t<\/div>\n\t\t<!-- END MasterSlider -->\n\n\t\t<script>\n\t\t( window.MSReady = window.MSReady || [] ).push( function( $ ) {\n\n\t\t\t\"use strict\";\n\t\t\tvar masterslider_b540 = new MasterSlider();\n\n\t\t\t\/\/ slider controls\n\t\t\tmasterslider_b540.control('arrows'     ,{ autohide:false, overVideo:true , hideUnder:500 });\n\t\t\tmasterslider_b540.control('thumblist'  ,{ autohide:false, overVideo:true, dir:'h', speed:17, inset:false, arrows:true, hover:false, customClass:'', align:'bottom',type:'thumbs', margin:5, width:111, height:50, space:5, fillMode:'fill'  });\n\t\t\tmasterslider_b540.control('slideinfo'  ,{ autohide:false, overVideo:true, dir:'h', align:'bottom',inset:true , margin:55 , hideUnder:500 , size:32 });\n\t\t\t\/\/ slider setup\n\t\t\tmasterslider_b540.setup(\"MS69dde6ae0b540\", {\n\t\t\t\twidth           : 1000,\n\t\t\t\theight          : 667,\n\t\t\t\tminHeight       : 0,\n\t\t\t\tspace           : 0,\n\t\t\t\tstart           : 1,\n\t\t\t\tgrabCursor      : true,\n\t\t\t\tswipe           : true,\n\t\t\t\tmouse           : true,\n\t\t\t\tkeyboard        : true,\n\t\t\t\tlayout          : \"boxed\",\n\t\t\t\twheel           : false,\n\t\t\t\tautoplay        : false,\n                instantStartLayers:false,\n\t\t\t\tmobileBGVideo:false,\n\t\t\t\tloop            : true,\n\t\t\t\tshuffle         : false,\n\t\t\t\tpreload         : 0,\n\t\t\t\theightLimit     : true,\n\t\t\t\tautoHeight      : false,\n\t\t\t\tsmoothHeight    : true,\n\t\t\t\tendPause        : false,\n\t\t\t\toverPause       : true,\n\t\t\t\tfillMode        : \"fill\",\n\t\t\t\tcenterControls  : true,\n\t\t\t\tstartOnAppear   : false,\n\t\t\t\tlayersMode      : \"center\",\n\t\t\t\tautofillTarget  : \"\",\n\t\t\t\thideLayers      : false,\n\t\t\t\tfullscreenMargin: 0,\n\t\t\t\tspeed           : 15,\n\t\t\t\tdir             : \"h\",\n\t\t\t\tresponsive      : true,\n\t\t\t\ttabletWidth     : 768,\n\t\t\t\ttabletHeight    : null,\n\t\t\t\tphoneWidth      : 480,\n\t\t\t\tphoneHeight    : null,\n\t\t\t\tsizingReference : window,\n\t\t\t\tparallaxMode    : 'swipe',\n\t\t\t\tview            : \"stack\"\n\t\t\t});\n\n\t\t\t\n\t\t\twindow.masterslider_instances = window.masterslider_instances || [];\n\t\t\twindow.masterslider_instances.push( masterslider_b540 );\n\t\t});\n\t\t<\/script>\n\n\n<\/div><\/div><\/div><\/div><\/div>\n","protected":false},"excerpt":{"rendered":"","protected":false},"author":2,"featured_media":0,"parent":0,"menu_order":0,"comment_status":"closed","ping_status":"closed","template":"","meta":{"_acf_changed":false,"footnotes":""},"class_list":["post-3843","page","type-page","status-publish","hentry"],"acf":[],"yoast_head":"<!-- This site is optimized with the Yoast SEO plugin v27.3 - https:\/\/yoast.com\/product\/yoast-seo-wordpress\/ -->\n<title>Meist\u00e4 - Prangli Reisid<\/title>\n<meta name=\"robots\" content=\"index, follow, max-snippet:-1, max-image-preview:large, max-video-preview:-1\" \/>\n<link rel=\"canonical\" href=\"https:\/\/pranglireisid.ee\/fi\/meista\/\" \/>\n<meta property=\"og:locale\" content=\"fi_FI\" \/>\n<meta property=\"og:type\" content=\"article\" \/>\n<meta property=\"og:title\" content=\"Meist\u00e4 - Prangli Reisid\" \/>\n<meta property=\"og:url\" content=\"https:\/\/pranglireisid.ee\/fi\/meista\/\" \/>\n<meta property=\"og:site_name\" content=\"Prangli Reisid\" \/>\n<meta property=\"article:modified_time\" content=\"2025-04-24T12:05:43+00:00\" \/>\n<meta name=\"twitter:card\" content=\"summary_large_image\" \/>\n<meta name=\"twitter:label1\" content=\"Arvioitu lukuaika\" \/>\n\t<meta name=\"twitter:data1\" content=\"4 minuuttia\" \/>\n<script type=\"application\/ld+json\" class=\"yoast-schema-graph\">{\"@context\":\"https:\\\/\\\/schema.org\",\"@graph\":[{\"@type\":\"WebPage\",\"@id\":\"https:\\\/\\\/pranglireisid.ee\\\/fi\\\/meista\\\/\",\"url\":\"https:\\\/\\\/pranglireisid.ee\\\/fi\\\/meista\\\/\",\"name\":\"Meist\u00e4 - Prangli Reisid\",\"isPartOf\":{\"@id\":\"https:\\\/\\\/pranglireisid.ee\\\/#website\"},\"datePublished\":\"2025-02-26T16:37:19+00:00\",\"dateModified\":\"2025-04-24T12:05:43+00:00\",\"breadcrumb\":{\"@id\":\"https:\\\/\\\/pranglireisid.ee\\\/fi\\\/meista\\\/#breadcrumb\"},\"inLanguage\":\"fi\",\"potentialAction\":[{\"@type\":\"ReadAction\",\"target\":[\"https:\\\/\\\/pranglireisid.ee\\\/fi\\\/meista\\\/\"]}]},{\"@type\":\"BreadcrumbList\",\"@id\":\"https:\\\/\\\/pranglireisid.ee\\\/fi\\\/meista\\\/#breadcrumb\",\"itemListElement\":[{\"@type\":\"ListItem\",\"position\":1,\"name\":\"Home\",\"item\":\"https:\\\/\\\/pranglireisid.ee\\\/fi\\\/\"},{\"@type\":\"ListItem\",\"position\":2,\"name\":\"Meist\u00e4\"}]},{\"@type\":\"WebSite\",\"@id\":\"https:\\\/\\\/pranglireisid.ee\\\/#website\",\"url\":\"https:\\\/\\\/pranglireisid.ee\\\/\",\"name\":\"Prangli Reisid\",\"description\":\"Elamusreisid merel ja maal\",\"potentialAction\":[{\"@type\":\"SearchAction\",\"target\":{\"@type\":\"EntryPoint\",\"urlTemplate\":\"https:\\\/\\\/pranglireisid.ee\\\/?s={search_term_string}\"},\"query-input\":{\"@type\":\"PropertyValueSpecification\",\"valueRequired\":true,\"valueName\":\"search_term_string\"}}],\"inLanguage\":\"fi\"}]}<\/script>\n<!-- \/ Yoast SEO plugin. -->","yoast_head_json":{"title":"Meist\u00e4 - Prangli Reisid","robots":{"index":"index","follow":"follow","max-snippet":"max-snippet:-1","max-image-preview":"max-image-preview:large","max-video-preview":"max-video-preview:-1"},"canonical":"https:\/\/pranglireisid.ee\/fi\/meista\/","og_locale":"fi_FI","og_type":"article","og_title":"Meist\u00e4 - Prangli Reisid","og_url":"https:\/\/pranglireisid.ee\/fi\/meista\/","og_site_name":"Prangli Reisid","article_modified_time":"2025-04-24T12:05:43+00:00","twitter_card":"summary_large_image","twitter_misc":{"Arvioitu lukuaika":"4 minuuttia"},"schema":{"@context":"https:\/\/schema.org","@graph":[{"@type":"WebPage","@id":"https:\/\/pranglireisid.ee\/fi\/meista\/","url":"https:\/\/pranglireisid.ee\/fi\/meista\/","name":"Meist\u00e4 - Prangli Reisid","isPartOf":{"@id":"https:\/\/pranglireisid.ee\/#website"},"datePublished":"2025-02-26T16:37:19+00:00","dateModified":"2025-04-24T12:05:43+00:00","breadcrumb":{"@id":"https:\/\/pranglireisid.ee\/fi\/meista\/#breadcrumb"},"inLanguage":"fi","potentialAction":[{"@type":"ReadAction","target":["https:\/\/pranglireisid.ee\/fi\/meista\/"]}]},{"@type":"BreadcrumbList","@id":"https:\/\/pranglireisid.ee\/fi\/meista\/#breadcrumb","itemListElement":[{"@type":"ListItem","position":1,"name":"Home","item":"https:\/\/pranglireisid.ee\/fi\/"},{"@type":"ListItem","position":2,"name":"Meist\u00e4"}]},{"@type":"WebSite","@id":"https:\/\/pranglireisid.ee\/#website","url":"https:\/\/pranglireisid.ee\/","name":"Prangli Reisid","description":"Elamusreisid merel ja maal","potentialAction":[{"@type":"SearchAction","target":{"@type":"EntryPoint","urlTemplate":"https:\/\/pranglireisid.ee\/?s={search_term_string}"},"query-input":{"@type":"PropertyValueSpecification","valueRequired":true,"valueName":"search_term_string"}}],"inLanguage":"fi"}]}},"_links":{"self":[{"href":"https:\/\/pranglireisid.ee\/fi\/wp-json\/wp\/v2\/pages\/3843","targetHints":{"allow":["GET"]}}],"collection":[{"href":"https:\/\/pranglireisid.ee\/fi\/wp-json\/wp\/v2\/pages"}],"about":[{"href":"https:\/\/pranglireisid.ee\/fi\/wp-json\/wp\/v2\/types\/page"}],"author":[{"embeddable":true,"href":"https:\/\/pranglireisid.ee\/fi\/wp-json\/wp\/v2\/users\/2"}],"replies":[{"embeddable":true,"href":"https:\/\/pranglireisid.ee\/fi\/wp-json\/wp\/v2\/comments?post=3843"}],"version-history":[{"count":1,"href":"https:\/\/pranglireisid.ee\/fi\/wp-json\/wp\/v2\/pages\/3843\/revisions"}],"predecessor-version":[{"id":4394,"href":"https:\/\/pranglireisid.ee\/fi\/wp-json\/wp\/v2\/pages\/3843\/revisions\/4394"}],"wp:attachment":[{"href":"https:\/\/pranglireisid.ee\/fi\/wp-json\/wp\/v2\/media?parent=3843"}],"curies":[{"name":"wp","href":"https:\/\/api.w.org\/{rel}","templated":true}]}}