{"id":3841,"date":"2025-02-21T11:08:08","date_gmt":"2025-02-21T09:08:08","guid":{"rendered":"https:\/\/pranglireisid.ee\/?page_id=3841"},"modified":"2025-04-24T15:34:24","modified_gmt":"2025-04-24T12:34:24","slug":"villa-of-nature-energy-saannot","status":"publish","type":"page","link":"https:\/\/pranglireisid.ee\/fi\/villa-of-nature-energy-saannot\/","title":{"rendered":"Villa of Nature Energy s\u00e4\u00e4nn\u00f6t"},"content":{"rendered":"<div class=\"fusion-fullwidth fullwidth-box fusion-builder-row-1 fusion-flex-container has-pattern-background has-mask-background nonhundred-percent-fullwidth non-hundred-percent-height-scrolling\" style=\"--awb-border-radius-top-left:0px;--awb-border-radius-top-right:0px;--awb-border-radius-bottom-right:0px;--awb-border-radius-bottom-left:0px;--awb-flex-wrap:wrap;\" ><div class=\"fusion-builder-row fusion-row fusion-flex-align-items-flex-start fusion-flex-content-wrap\" style=\"max-width:1248px;margin-left: calc(-4% \/ 2 );margin-right: calc(-4% \/ 2 );\"><div class=\"fusion-layout-column fusion_builder_column fusion-builder-column-0 fusion_builder_column_1_1 1_1 fusion-flex-column\" style=\"--awb-bg-size:cover;--awb-width-large:100%;--awb-margin-top-large:0px;--awb-spacing-right-large:1.92%;--awb-margin-bottom-large:0px;--awb-spacing-left-large:1.92%;--awb-width-medium:100%;--awb-order-medium:0;--awb-spacing-right-medium:1.92%;--awb-margin-bottom-medium:0;--awb-spacing-left-medium:1.92%;--awb-width-small:100%;--awb-order-small:0;--awb-spacing-right-small:1.92%;--awb-margin-bottom-small:0;--awb-spacing-left-small:1.92%;\" data-scroll-devices=\"small-visibility,medium-visibility,large-visibility\"><div class=\"fusion-column-wrapper fusion-column-has-shadow fusion-flex-justify-content-flex-start fusion-content-layout-column\"><div class=\"fusion-title title fusion-title-1 fusion-sep-none fusion-title-text fusion-title-size-one\"><h1 class=\"fusion-title-heading title-heading-left fusion-responsive-typography-calculated\" style=\"margin:0;--fontSize:35;line-height:var(--awb-typography1-line-height);\"><span data-sheets-root=\"1\">Villa of Nature Energy s\u00e4\u00e4nn\u00f6t<\/span><\/h1><\/div><\/div><\/div><div class=\"fusion-layout-column fusion_builder_column fusion-builder-column-1 fusion_builder_column_1_2 1_2 fusion-flex-column\" style=\"--awb-bg-size:cover;--awb-width-large:50%;--awb-margin-top-large:0px;--awb-spacing-right-large:3.84%;--awb-margin-bottom-large:20px;--awb-spacing-left-large:3.84%;--awb-width-medium:50%;--awb-order-medium:0;--awb-spacing-right-medium:3.84%;--awb-spacing-left-medium:3.84%;--awb-width-small:100%;--awb-order-small:0;--awb-spacing-right-small:1.92%;--awb-spacing-left-small:1.92%;\"><div class=\"fusion-column-wrapper fusion-column-has-shadow fusion-flex-justify-content-flex-start fusion-content-layout-column\"><div class=\"fusion-text fusion-text-1\"><ul>\n<li>Pyyd\u00e4mme vieraitamme yst\u00e4v\u00e4llisesti v\u00e4ltt\u00e4m\u00e4\u00e4n kova\u00e4\u00e4nisen musiikin soittamista, sill\u00e4 se saattaa h\u00e4irit\u00e4 naapureita.<\/li>\n<li>\u00c4l\u00e4 k\u00e4yt\u00e4 hiusv\u00e4ri\u00e4 kylpyhuoneissa, koska sis\u00e4pinnat on viimeistelty luonnonmateriaaleilla.<\/li>\n<li>K\u00e4yt\u00e4 kuumuutta kest\u00e4vi\u00e4 alustoja kuumien kattiloiden ja pannujen alla.<\/li>\n<li>K\u00e4yt\u00e4 leikkuulautaa pilkkomiseen \u2013 \u00e4l\u00e4 keitti\u00f6n tasoja tai huonekaluja.<\/li>\n<li>Ole varovainen punaviinin kanssa.<\/li>\n<li>Lajittele j\u00e4tteet.<\/li>\n<li>K\u00e4yt\u00e4 vett\u00e4 s\u00e4\u00e4steli\u00e4\u00e4sti.<\/li>\n<li>Grillin k\u00e4yt\u00f6n j\u00e4lkeen puhdista se ja sulje kaasupullo.<\/li>\n<li>Ennen l\u00e4ht\u00f6\u00e4 pese astiat ja sammuta valot.<\/li>\n<li>Sis\u00e4\u00e4nkirjautuminen klo 16.00 alkaen ja uloskirjautuminen klo 13.00 menness\u00e4, ellei toisin ole sovittu.<\/li>\n<\/ul>\n<p>Huonekaluille tai seinille aiheutetuista vahingoista voidaan esitt\u00e4\u00e4 korvausvaatimus.<\/p>\n<\/div><\/div><\/div><div class=\"fusion-layout-column fusion_builder_column fusion-builder-column-2 fusion_builder_column_1_2 1_2 fusion-flex-column\" style=\"--awb-bg-size:cover;--awb-width-large:50%;--awb-margin-top-large:0px;--awb-spacing-right-large:3.84%;--awb-margin-bottom-large:20px;--awb-spacing-left-large:3.84%;--awb-width-medium:50%;--awb-order-medium:0;--awb-spacing-right-medium:3.84%;--awb-spacing-left-medium:3.84%;--awb-width-small:100%;--awb-order-small:0;--awb-spacing-right-small:1.92%;--awb-spacing-left-small:1.92%;\"><div class=\"fusion-column-wrapper fusion-column-has-shadow fusion-flex-justify-content-flex-start fusion-content-layout-column\"><div class=\"fusion-image-element \" style=\"--awb-caption-title-font-family:var(--h2_typography-font-family);--awb-caption-title-font-weight:var(--h2_typography-font-weight);--awb-caption-title-font-style:var(--h2_typography-font-style);--awb-caption-title-size:var(--h2_typography-font-size);--awb-caption-title-transform:var(--h2_typography-text-transform);--awb-caption-title-line-height:var(--h2_typography-line-height);--awb-caption-title-letter-spacing:var(--h2_typography-letter-spacing);\"><span class=\" fusion-imageframe imageframe-none imageframe-1 hover-type-none\"><img decoding=\"async\" width=\"900\" height=\"601\" title=\"loodusenergia-maja\" src=\"https:\/\/pranglireisid.ee\/wp-content\/uploads\/2025\/02\/loodusenergia-maja.webp\" alt class=\"img-responsive wp-image-2170\" srcset=\"https:\/\/pranglireisid.ee\/wp-content\/uploads\/2025\/02\/loodusenergia-maja-200x134.webp 200w, https:\/\/pranglireisid.ee\/wp-content\/uploads\/2025\/02\/loodusenergia-maja-300x200.webp 300w, https:\/\/pranglireisid.ee\/wp-content\/uploads\/2025\/02\/loodusenergia-maja-400x267.webp 400w, https:\/\/pranglireisid.ee\/wp-content\/uploads\/2025\/02\/loodusenergia-maja-500x334.webp 500w, https:\/\/pranglireisid.ee\/wp-content\/uploads\/2025\/02\/loodusenergia-maja-600x401.webp 600w, https:\/\/pranglireisid.ee\/wp-content\/uploads\/2025\/02\/loodusenergia-maja-700x467.webp 700w, https:\/\/pranglireisid.ee\/wp-content\/uploads\/2025\/02\/loodusenergia-maja-768x513.webp 768w, https:\/\/pranglireisid.ee\/wp-content\/uploads\/2025\/02\/loodusenergia-maja-800x534.webp 800w, https:\/\/pranglireisid.ee\/wp-content\/uploads\/2025\/02\/loodusenergia-maja.webp 900w\" sizes=\"(max-width: 640px) 100vw, 600px\" \/><\/span><\/div><\/div><\/div><\/div><\/div>\n","protected":false},"excerpt":{"rendered":"","protected":false},"author":2,"featured_media":2170,"parent":0,"menu_order":0,"comment_status":"closed","ping_status":"closed","template":"","meta":{"_acf_changed":false,"footnotes":""},"class_list":["post-3841","page","type-page","status-publish","has-post-thumbnail","hentry"],"acf":[],"yoast_head":"<!-- This site is optimized with the Yoast SEO plugin v27.3 - https:\/\/yoast.com\/product\/yoast-seo-wordpress\/ -->\n<title>Villa of Nature Energy s\u00e4\u00e4nn\u00f6t - Prangli Reisid<\/title>\n<meta name=\"description\" content=\"Villa of Nature Energy \u2013 Talon s\u00e4\u00e4nn\u00f6t. Toivomme, ett\u00e4 jokaisella olisi viihtyis\u00e4 ja miellytt\u00e4v\u00e4 aika villassa!\" \/>\n<meta name=\"robots\" content=\"index, follow, max-snippet:-1, max-image-preview:large, max-video-preview:-1\" \/>\n<link rel=\"canonical\" href=\"https:\/\/pranglireisid.ee\/fi\/villa-of-nature-energy-saannot\/\" \/>\n<meta property=\"og:locale\" content=\"fi_FI\" \/>\n<meta property=\"og:type\" content=\"article\" \/>\n<meta property=\"og:title\" content=\"Villa of Nature Energy s\u00e4\u00e4nn\u00f6t - Prangli Reisid\" \/>\n<meta property=\"og:description\" content=\"Villa of Nature Energy \u2013 Talon s\u00e4\u00e4nn\u00f6t. Toivomme, ett\u00e4 jokaisella olisi viihtyis\u00e4 ja miellytt\u00e4v\u00e4 aika villassa!\" \/>\n<meta property=\"og:url\" content=\"https:\/\/pranglireisid.ee\/fi\/villa-of-nature-energy-saannot\/\" \/>\n<meta property=\"og:site_name\" content=\"Prangli Reisid\" \/>\n<meta property=\"article:modified_time\" content=\"2025-04-24T12:34:24+00:00\" \/>\n<meta property=\"og:image\" content=\"https:\/\/pranglireisid.ee\/wp-content\/uploads\/2025\/02\/loodusenergia-maja.webp\" \/>\n\t<meta property=\"og:image:width\" content=\"900\" \/>\n\t<meta property=\"og:image:height\" content=\"601\" \/>\n\t<meta property=\"og:image:type\" content=\"image\/webp\" \/>\n<meta name=\"twitter:card\" content=\"summary_large_image\" \/>\n<meta name=\"twitter:label1\" content=\"Arvioitu lukuaika\" \/>\n\t<meta name=\"twitter:data1\" content=\"1 minuutti\" \/>\n<script type=\"application\/ld+json\" class=\"yoast-schema-graph\">{\"@context\":\"https:\\\/\\\/schema.org\",\"@graph\":[{\"@type\":\"WebPage\",\"@id\":\"https:\\\/\\\/pranglireisid.ee\\\/fi\\\/villa-of-nature-energy-saannot\\\/\",\"url\":\"https:\\\/\\\/pranglireisid.ee\\\/fi\\\/villa-of-nature-energy-saannot\\\/\",\"name\":\"Villa of Nature Energy s\u00e4\u00e4nn\u00f6t - Prangli Reisid\",\"isPartOf\":{\"@id\":\"https:\\\/\\\/pranglireisid.ee\\\/#website\"},\"primaryImageOfPage\":{\"@id\":\"https:\\\/\\\/pranglireisid.ee\\\/fi\\\/villa-of-nature-energy-saannot\\\/#primaryimage\"},\"image\":{\"@id\":\"https:\\\/\\\/pranglireisid.ee\\\/fi\\\/villa-of-nature-energy-saannot\\\/#primaryimage\"},\"thumbnailUrl\":\"https:\\\/\\\/pranglireisid.ee\\\/wp-content\\\/uploads\\\/2025\\\/02\\\/loodusenergia-maja.webp\",\"datePublished\":\"2025-02-21T09:08:08+00:00\",\"dateModified\":\"2025-04-24T12:34:24+00:00\",\"description\":\"Villa of Nature Energy \u2013 Talon s\u00e4\u00e4nn\u00f6t. Toivomme, ett\u00e4 jokaisella olisi viihtyis\u00e4 ja miellytt\u00e4v\u00e4 aika villassa!\",\"breadcrumb\":{\"@id\":\"https:\\\/\\\/pranglireisid.ee\\\/fi\\\/villa-of-nature-energy-saannot\\\/#breadcrumb\"},\"inLanguage\":\"fi\",\"potentialAction\":[{\"@type\":\"ReadAction\",\"target\":[\"https:\\\/\\\/pranglireisid.ee\\\/fi\\\/villa-of-nature-energy-saannot\\\/\"]}]},{\"@type\":\"ImageObject\",\"inLanguage\":\"fi\",\"@id\":\"https:\\\/\\\/pranglireisid.ee\\\/fi\\\/villa-of-nature-energy-saannot\\\/#primaryimage\",\"url\":\"https:\\\/\\\/pranglireisid.ee\\\/wp-content\\\/uploads\\\/2025\\\/02\\\/loodusenergia-maja.webp\",\"contentUrl\":\"https:\\\/\\\/pranglireisid.ee\\\/wp-content\\\/uploads\\\/2025\\\/02\\\/loodusenergia-maja.webp\",\"width\":900,\"height\":601},{\"@type\":\"BreadcrumbList\",\"@id\":\"https:\\\/\\\/pranglireisid.ee\\\/fi\\\/villa-of-nature-energy-saannot\\\/#breadcrumb\",\"itemListElement\":[{\"@type\":\"ListItem\",\"position\":1,\"name\":\"Home\",\"item\":\"https:\\\/\\\/pranglireisid.ee\\\/fi\\\/\"},{\"@type\":\"ListItem\",\"position\":2,\"name\":\"Villa of Nature Energy s\u00e4\u00e4nn\u00f6t\"}]},{\"@type\":\"WebSite\",\"@id\":\"https:\\\/\\\/pranglireisid.ee\\\/#website\",\"url\":\"https:\\\/\\\/pranglireisid.ee\\\/\",\"name\":\"Prangli Reisid\",\"description\":\"Elamusreisid merel ja maal\",\"potentialAction\":[{\"@type\":\"SearchAction\",\"target\":{\"@type\":\"EntryPoint\",\"urlTemplate\":\"https:\\\/\\\/pranglireisid.ee\\\/?s={search_term_string}\"},\"query-input\":{\"@type\":\"PropertyValueSpecification\",\"valueRequired\":true,\"valueName\":\"search_term_string\"}}],\"inLanguage\":\"fi\"}]}<\/script>\n<!-- \/ Yoast SEO plugin. -->","yoast_head_json":{"title":"Villa of Nature Energy s\u00e4\u00e4nn\u00f6t - Prangli Reisid","description":"Villa of Nature Energy \u2013 Talon s\u00e4\u00e4nn\u00f6t. Toivomme, ett\u00e4 jokaisella olisi viihtyis\u00e4 ja miellytt\u00e4v\u00e4 aika villassa!","robots":{"index":"index","follow":"follow","max-snippet":"max-snippet:-1","max-image-preview":"max-image-preview:large","max-video-preview":"max-video-preview:-1"},"canonical":"https:\/\/pranglireisid.ee\/fi\/villa-of-nature-energy-saannot\/","og_locale":"fi_FI","og_type":"article","og_title":"Villa of Nature Energy s\u00e4\u00e4nn\u00f6t - Prangli Reisid","og_description":"Villa of Nature Energy \u2013 Talon s\u00e4\u00e4nn\u00f6t. Toivomme, ett\u00e4 jokaisella olisi viihtyis\u00e4 ja miellytt\u00e4v\u00e4 aika villassa!","og_url":"https:\/\/pranglireisid.ee\/fi\/villa-of-nature-energy-saannot\/","og_site_name":"Prangli Reisid","article_modified_time":"2025-04-24T12:34:24+00:00","og_image":[{"width":900,"height":601,"url":"https:\/\/pranglireisid.ee\/wp-content\/uploads\/2025\/02\/loodusenergia-maja.webp","type":"image\/webp"}],"twitter_card":"summary_large_image","twitter_misc":{"Arvioitu lukuaika":"1 minuutti"},"schema":{"@context":"https:\/\/schema.org","@graph":[{"@type":"WebPage","@id":"https:\/\/pranglireisid.ee\/fi\/villa-of-nature-energy-saannot\/","url":"https:\/\/pranglireisid.ee\/fi\/villa-of-nature-energy-saannot\/","name":"Villa of Nature Energy s\u00e4\u00e4nn\u00f6t - Prangli Reisid","isPartOf":{"@id":"https:\/\/pranglireisid.ee\/#website"},"primaryImageOfPage":{"@id":"https:\/\/pranglireisid.ee\/fi\/villa-of-nature-energy-saannot\/#primaryimage"},"image":{"@id":"https:\/\/pranglireisid.ee\/fi\/villa-of-nature-energy-saannot\/#primaryimage"},"thumbnailUrl":"https:\/\/pranglireisid.ee\/wp-content\/uploads\/2025\/02\/loodusenergia-maja.webp","datePublished":"2025-02-21T09:08:08+00:00","dateModified":"2025-04-24T12:34:24+00:00","description":"Villa of Nature Energy \u2013 Talon s\u00e4\u00e4nn\u00f6t. Toivomme, ett\u00e4 jokaisella olisi viihtyis\u00e4 ja miellytt\u00e4v\u00e4 aika villassa!","breadcrumb":{"@id":"https:\/\/pranglireisid.ee\/fi\/villa-of-nature-energy-saannot\/#breadcrumb"},"inLanguage":"fi","potentialAction":[{"@type":"ReadAction","target":["https:\/\/pranglireisid.ee\/fi\/villa-of-nature-energy-saannot\/"]}]},{"@type":"ImageObject","inLanguage":"fi","@id":"https:\/\/pranglireisid.ee\/fi\/villa-of-nature-energy-saannot\/#primaryimage","url":"https:\/\/pranglireisid.ee\/wp-content\/uploads\/2025\/02\/loodusenergia-maja.webp","contentUrl":"https:\/\/pranglireisid.ee\/wp-content\/uploads\/2025\/02\/loodusenergia-maja.webp","width":900,"height":601},{"@type":"BreadcrumbList","@id":"https:\/\/pranglireisid.ee\/fi\/villa-of-nature-energy-saannot\/#breadcrumb","itemListElement":[{"@type":"ListItem","position":1,"name":"Home","item":"https:\/\/pranglireisid.ee\/fi\/"},{"@type":"ListItem","position":2,"name":"Villa of Nature Energy s\u00e4\u00e4nn\u00f6t"}]},{"@type":"WebSite","@id":"https:\/\/pranglireisid.ee\/#website","url":"https:\/\/pranglireisid.ee\/","name":"Prangli Reisid","description":"Elamusreisid merel ja maal","potentialAction":[{"@type":"SearchAction","target":{"@type":"EntryPoint","urlTemplate":"https:\/\/pranglireisid.ee\/?s={search_term_string}"},"query-input":{"@type":"PropertyValueSpecification","valueRequired":true,"valueName":"search_term_string"}}],"inLanguage":"fi"}]}},"_links":{"self":[{"href":"https:\/\/pranglireisid.ee\/fi\/wp-json\/wp\/v2\/pages\/3841","targetHints":{"allow":["GET"]}}],"collection":[{"href":"https:\/\/pranglireisid.ee\/fi\/wp-json\/wp\/v2\/pages"}],"about":[{"href":"https:\/\/pranglireisid.ee\/fi\/wp-json\/wp\/v2\/types\/page"}],"author":[{"embeddable":true,"href":"https:\/\/pranglireisid.ee\/fi\/wp-json\/wp\/v2\/users\/2"}],"replies":[{"embeddable":true,"href":"https:\/\/pranglireisid.ee\/fi\/wp-json\/wp\/v2\/comments?post=3841"}],"version-history":[{"count":1,"href":"https:\/\/pranglireisid.ee\/fi\/wp-json\/wp\/v2\/pages\/3841\/revisions"}],"predecessor-version":[{"id":4402,"href":"https:\/\/pranglireisid.ee\/fi\/wp-json\/wp\/v2\/pages\/3841\/revisions\/4402"}],"wp:featuredmedia":[{"embeddable":true,"href":"https:\/\/pranglireisid.ee\/fi\/wp-json\/wp\/v2\/media\/2170"}],"wp:attachment":[{"href":"https:\/\/pranglireisid.ee\/fi\/wp-json\/wp\/v2\/media?parent=3841"}],"curies":[{"name":"wp","href":"https:\/\/api.w.org\/{rel}","templated":true}]}}